{"id":2224,"date":"2022-10-13T19:00:04","date_gmt":"2022-10-13T19:00:04","guid":{"rendered":"https:\/\/teadoroherbs.net\/?page_id=2224"},"modified":"2022-10-31T21:23:45","modified_gmt":"2022-10-31T21:23:45","slug":"blue-lotus","status":"publish","type":"page","link":"https:\/\/teadoroherbs.net\/de\/blue-lotus\/","title":{"rendered":"Blauer Lotus"},"content":{"rendered":"<div data-elementor-type=\"wp-page\" data-elementor-id=\"2224\" class=\"elementor elementor-2224\">\n\t\t\t\t\t\t<section class=\"elementor-section elementor-top-section elementor-element elementor-element-xq9deam elementor-section-height-min-height elementor-section-boxed elementor-section-height-default elementor-section-items-middle\" data-id=\"xq9deam\" data-element_type=\"section\" data-e-type=\"section\" data-settings=\"{&quot;background_background&quot;:&quot;classic&quot;}\">\n\t\t\t\t\t\t\t<div class=\"elementor-background-overlay\"><\/div>\n\t\t\t\t\t\t\t<div class=\"elementor-container elementor-column-gap-no\">\n\t\t\t\t\t<div class=\"elementor-column elementor-col-100 elementor-top-column elementor-element elementor-element-a5d7d75\" data-id=\"a5d7d75\" data-element_type=\"column\" data-e-type=\"column\">\n\t\t\t<div class=\"elementor-widget-wrap elementor-element-populated\">\n\t\t\t\t\t\t<div class=\"elementor-element elementor-element-4a6add8 elementor-widget elementor-widget-heading\" data-id=\"4a6add8\" data-element_type=\"widget\" data-e-type=\"widget\" data-widget_type=\"heading.default\">\n\t\t\t\t<div class=\"elementor-widget-container\">\n\t\t\t\t\t<h1 class=\"elementor-heading-title elementor-size-default\">Blauer Lotus<\/h1>\t\t\t\t<\/div>\n\t\t\t\t<\/div>\n\t\t\t\t\t<\/div>\n\t\t<\/div>\n\t\t\t\t\t<\/div>\n\t\t<\/section>\n\t\t\t\t<section class=\"elementor-section elementor-top-section elementor-element elementor-element-qofzz1f elementor-section-height-min-height elementor-section-items-stretch elementor-section-content-middle elementor-section-boxed elementor-section-height-default\" data-id=\"qofzz1f\" data-element_type=\"section\" data-e-type=\"section\" data-settings=\"{&quot;background_background&quot;:&quot;classic&quot;}\">\n\t\t\t\t\t\t\t<div class=\"elementor-background-overlay\"><\/div>\n\t\t\t\t\t\t\t<div class=\"elementor-container elementor-column-gap-no\">\n\t\t\t\t\t<div class=\"elementor-column elementor-col-100 elementor-top-column elementor-element elementor-element-44c5021\" data-id=\"44c5021\" data-element_type=\"column\" data-e-type=\"column\">\n\t\t\t<div class=\"elementor-widget-wrap elementor-element-populated\">\n\t\t\t\t\t\t<section class=\"elementor-section elementor-inner-section elementor-element elementor-element-3eda832 elementor-section-boxed elementor-section-height-default elementor-section-height-default\" data-id=\"3eda832\" data-element_type=\"section\" data-e-type=\"section\" data-settings=\"{&quot;background_background&quot;:&quot;classic&quot;}\">\n\t\t\t\t\t\t<div class=\"elementor-container elementor-column-gap-no\">\n\t\t\t\t\t<div class=\"elementor-column elementor-col-100 elementor-inner-column elementor-element elementor-element-ff9e052\" data-id=\"ff9e052\" data-element_type=\"column\" data-e-type=\"column\">\n\t\t\t<div class=\"elementor-widget-wrap elementor-element-populated\">\n\t\t\t\t\t\t<div class=\"elementor-element elementor-element-e7b1ea2 elementor-widget elementor-widget-heading\" data-id=\"e7b1ea2\" data-element_type=\"widget\" data-e-type=\"widget\" data-widget_type=\"heading.default\">\n\t\t\t\t<div class=\"elementor-widget-container\">\n\t\t\t\t\t<h3 class=\"elementor-heading-title elementor-size-default\">Der Heilige Blaue Lotus ist eine seltene und vom Aussterben bedrohte Pflanze, die in alten schamanischen Gesellschaften eine wichtige Rolle spielte. Mit einem breiten Spektrum an Verwendungsm\u00f6glichkeiten, wie z. B. Entspannung, luzide Tr\u00e4ume und intime Erfahrungen, ist es kein Wunder, dass das Interesse an dieser Blume und ihrem Tee seit \u00fcber einem Jahrtausend anh\u00e4lt. Lesen Sie weiter, um mehr \u00fcber diesen Tee zu erfahren!<\/h3>\t\t\t\t<\/div>\n\t\t\t\t<\/div>\n\t\t\t\t<div class=\"elementor-element elementor-element-e53375f elementor-widget elementor-widget-text-editor\" data-id=\"e53375f\" data-element_type=\"widget\" data-e-type=\"widget\" data-widget_type=\"text-editor.default\">\n\t\t\t\t<div class=\"elementor-widget-container\">\n\t\t\t\t\t\t\t\t\t<p><span style=\"font-style: inherit;\"><br><\/span><\/p><p><span style=\"font-style: inherit;\">Blauer Lotus-Tee wird aus den Bl\u00fctenbl\u00e4ttern und Staubgef\u00e4\u00dfen der unter dem botanischen Namen Nymphaea Caerulea bekannten Pflanze hergestellt. Die Bl\u00fcte des Blauen Lotus verstr\u00f6mt einen berauschenden Duft und ist eine wundersch\u00f6ne Blume, die schon in der \u00e4gyptischen, syrischen und thail\u00e4ndischen Kultur als Heilpflanze verwendet wurde.<\/span><\/p>\n<p>Die Blume wurde von den alten \u00c4gyptern als Teil ihrer religi\u00f6sen Feiern in Form von Wein aus dem Blauen Lotus verwendet. Der Blaue Lotus galt als die offizielle Blume des Sonnengottes Ra.<\/p>\n<p>Diese Lotuspflanze w\u00e4chst schwimmend auf Gew\u00e4ssern, wo sie ihre Wurzeln tief in die Erde treibt. Meistens w\u00e4chst sie in stehenden, lauwarmen Gew\u00e4ssern und bringt dennoch eine der sch\u00f6nsten Bl\u00fcten hervor, die der Mensch kennt. Ihre F\u00e4higkeit, aus braunem, sumpfigem Wasser eine so sch\u00f6ne Bl\u00fcte hervorzubringen, war sicher einer der Gr\u00fcnde, warum diese Pflanze als Zeichen f\u00fcr spirituelles Wachstum und Wiedergeburt so gesch\u00e4tzt wurde.<\/p>\t\t\t\t\t\t\t\t<\/div>\n\t\t\t\t<\/div>\n\t\t\t\t\t<\/div>\n\t\t<\/div>\n\t\t\t\t\t<\/div>\n\t\t<\/section>\n\t\t\t\t\t<\/div>\n\t\t<\/div>\n\t\t\t\t\t<\/div>\n\t\t<\/section>\n\t\t\t\t<section class=\"elementor-section elementor-top-section elementor-element elementor-element-4aeb2c4 elementor-section-boxed elementor-section-height-default elementor-section-height-default\" data-id=\"4aeb2c4\" data-element_type=\"section\" data-e-type=\"section\" data-settings=\"{&quot;background_background&quot;:&quot;classic&quot;}\">\n\t\t\t\t\t\t<div class=\"elementor-container elementor-column-gap-default\">\n\t\t\t\t\t<div class=\"elementor-column elementor-col-66 elementor-top-column elementor-element elementor-element-be08c51\" data-id=\"be08c51\" data-element_type=\"column\" data-e-type=\"column\">\n\t\t\t<div class=\"elementor-widget-wrap elementor-element-populated\">\n\t\t\t\t\t\t<div class=\"elementor-element elementor-element-6e36025 elementor-widget elementor-widget-text-editor\" data-id=\"6e36025\" data-element_type=\"widget\" data-e-type=\"widget\" data-widget_type=\"text-editor.default\">\n\t\t\t\t<div class=\"elementor-widget-container\">\n\t\t\t\t\t\t\t\t\t<p><span style=\"font-style: inherit;\"><br><\/span><\/p><p><span style=\"font-style: inherit;\">Blauer Lotustee wurde in den alten Gesellschaften des Nahen Ostens verwendet, \u00e4hnlich wie Yerba Mate in S\u00fcdamerika verwendet wird. Der Tee hat eine milde psychoaktive Wirkung, die ein Gef\u00fchl der Euphorie und des Wohlbefindens vermittelt. Viele Menschen berichten von einem verst\u00e4rkten Gef\u00fchl der Verbundenheit mit ihrer Umgebung und dem Universum, nachdem sie ihn getrunken haben. Bei T\u00e9 Adoro bieten wir Lotus als Tee oder als Aufguss in Rotwein an. Der Wein hilft, einige der Wirkungen der Blume zu aktivieren, und wir empfehlen diese Methode, wenn Sie die volle Wirkung dieser Pflanze w\u00fcnschen.<\/span><\/p><p>Blauer Lotus-Tee kann ein wirksames Schlafmittel sein, da er Verbindungen enth\u00e4lt, die nur in dieser Pflanze vorkommen. Diese Verbindungen vermitteln ein beruhigendes Gef\u00fchl, das zu einem ruhigeren Schlaf beitragen kann. Die beruhigende Wirkung tr\u00e4gt auch zur Linderung von Magen-Darm-Problemen und Nervosit\u00e4t bei. <br>Blauer Lotus ist auch sehr wirksam bei der F\u00f6rderung von luziden Tr\u00e4umen. Da alte Kulturen ihre Tr\u00e4ume als Mitteilungen von Gott sch\u00e4tzten, empfanden sie diese Pflanze als sehr heilig, da sie die Qualit\u00e4t und Detailgenauigkeit ihrer Tr\u00e4ume verbesserte. Der Genuss von Lotus-Tee oder -Wein erh\u00f6ht den Tiefschlaf, so dass Sie sich beim Aufwachen besonders ausgeruht und erfrischt f\u00fchlen. <br>Diese Blume ist ein sehr starkes Aphrodisiakum - ein weiterer Grund, warum sie eine lange religi\u00f6se Geschichte als Symbol der Wiedergeburt hat. Die Wirkung setzt innerhalb weniger Stunden nach dem Verzehr ein und kann die Intimit\u00e4t Ihrer Erfahrungen erheblich verbessern.<\/p>\t\t\t\t\t\t\t\t<\/div>\n\t\t\t\t<\/div>\n\t\t\t\t\t<\/div>\n\t\t<\/div>\n\t\t\t\t<div class=\"elementor-column elementor-col-33 elementor-top-column elementor-element elementor-element-22fcd27\" data-id=\"22fcd27\" data-element_type=\"column\" data-e-type=\"column\">\n\t\t\t<div class=\"elementor-widget-wrap elementor-element-populated\">\n\t\t\t\t\t\t<div class=\"elementor-element elementor-element-f75d579 elementor-widget elementor-widget-image\" data-id=\"f75d579\" data-element_type=\"widget\" data-e-type=\"widget\" data-widget_type=\"image.default\">\n\t\t\t\t<div class=\"elementor-widget-container\">\n\t\t\t\t\t\t\t\t\t\t\t\t\t\t\t<img fetchpriority=\"high\" decoding=\"async\" width=\"612\" height=\"499\" src=\"https:\/\/teadoroherbs.net\/wp-content\/uploads\/2022\/10\/Blue-Lotus-2.jpeg\" class=\"attachment-large size-large wp-image-2228\" alt=\"\" srcset=\"https:\/\/teadoroherbs.net\/wp-content\/uploads\/2022\/10\/Blue-Lotus-2.jpeg 612w, https:\/\/teadoroherbs.net\/wp-content\/uploads\/2022\/10\/Blue-Lotus-2-300x245.jpeg 300w, https:\/\/teadoroherbs.net\/wp-content\/uploads\/2022\/10\/Blue-Lotus-2-15x12.jpeg 15w\" sizes=\"(max-width: 612px) 100vw, 612px\" \/>\t\t\t\t\t\t\t\t\t\t\t\t\t\t\t<\/div>\n\t\t\t\t<\/div>\n\t\t\t\t\t<\/div>\n\t\t<\/div>\n\t\t\t\t\t<\/div>\n\t\t<\/section>\n\t\t\t\t<\/div>","protected":false},"excerpt":{"rendered":"<p>Blue Lotus Sacred Blue Lotus is a rare and endangered plant that played crucial roles in ancient Shamanic societies. With a broad array of uses such as inducing relaxation, provoking lucid dreams, and enhancing intimate experiences, it\u2019s no wonder that interest in this flower and its tea has persisted for over a millennia. Keep reading &hellip;<\/p>\n<p class=\"read-more\"> <a class=\"\" href=\"https:\/\/teadoroherbs.net\/de\/blue-lotus\/\"> <span class=\"screen-reader-text\">Blauer Lotus<\/span> Weiterlesen &raquo;<\/a><\/p>","protected":false},"author":1,"featured_media":0,"parent":0,"menu_order":0,"comment_status":"closed","ping_status":"closed","template":"","meta":{"site-sidebar-layout":"no-sidebar","site-content-layout":"page-builder","ast-global-header-display":"","ast-main-header-display":"","ast-hfb-above-header-display":"","ast-hfb-below-header-display":"","ast-hfb-mobile-header-display":"","site-post-title":"disabled","ast-breadcrumbs-content":"","ast-featured-img":"disabled","footer-sml-layout":"","theme-transparent-header-meta":"","adv-header-id-meta":"","stick-header-meta":"","header-above-stick-meta":"","header-main-stick-meta":"","header-below-stick-meta":"","footnotes":""},"class_list":["post-2224","page","type-page","status-publish","hentry"],"jetpack_sharing_enabled":true,"_links":{"self":[{"href":"https:\/\/teadoroherbs.net\/de\/wp-json\/wp\/v2\/pages\/2224","targetHints":{"allow":["GET"]}}],"collection":[{"href":"https:\/\/teadoroherbs.net\/de\/wp-json\/wp\/v2\/pages"}],"about":[{"href":"https:\/\/teadoroherbs.net\/de\/wp-json\/wp\/v2\/types\/page"}],"author":[{"embeddable":true,"href":"https:\/\/teadoroherbs.net\/de\/wp-json\/wp\/v2\/users\/1"}],"replies":[{"embeddable":true,"href":"https:\/\/teadoroherbs.net\/de\/wp-json\/wp\/v2\/comments?post=2224"}],"version-history":[{"count":34,"href":"https:\/\/teadoroherbs.net\/de\/wp-json\/wp\/v2\/pages\/2224\/revisions"}],"predecessor-version":[{"id":2593,"href":"https:\/\/teadoroherbs.net\/de\/wp-json\/wp\/v2\/pages\/2224\/revisions\/2593"}],"wp:attachment":[{"href":"https:\/\/teadoroherbs.net\/de\/wp-json\/wp\/v2\/media?parent=2224"}],"curies":[{"name":"wp","href":"https:\/\/api.w.org\/{rel}","templated":true}]}}