{"id":2558,"date":"2022-10-20T17:39:46","date_gmt":"2022-10-20T17:39:46","guid":{"rendered":"https:\/\/teadoroherbs.net\/?page_id=2558"},"modified":"2023-02-21T00:19:15","modified_gmt":"2023-02-21T00:19:15","slug":"kava","status":"publish","type":"page","link":"https:\/\/teadoroherbs.net\/de\/kava\/","title":{"rendered":"Kava"},"content":{"rendered":"<div data-elementor-type=\"wp-page\" data-elementor-id=\"2558\" class=\"elementor elementor-2558\">\n\t\t\t\t\t\t<section class=\"elementor-section elementor-top-section elementor-element elementor-element-yvdtb0y elementor-section-height-min-height elementor-section-boxed elementor-section-height-default elementor-section-items-middle\" data-id=\"yvdtb0y\" data-element_type=\"section\" data-e-type=\"section\" data-settings=\"{&quot;background_background&quot;:&quot;classic&quot;}\">\n\t\t\t\t\t\t\t<div class=\"elementor-background-overlay\"><\/div>\n\t\t\t\t\t\t\t<div class=\"elementor-container elementor-column-gap-no\">\n\t\t\t\t\t<div class=\"elementor-column elementor-col-100 elementor-top-column elementor-element elementor-element-a5d7d75\" data-id=\"a5d7d75\" data-element_type=\"column\" data-e-type=\"column\">\n\t\t\t<div class=\"elementor-widget-wrap elementor-element-populated\">\n\t\t\t\t\t\t<div class=\"elementor-element elementor-element-4a6add8 elementor-widget elementor-widget-heading\" data-id=\"4a6add8\" data-element_type=\"widget\" data-e-type=\"widget\" data-widget_type=\"heading.default\">\n\t\t\t\t<div class=\"elementor-widget-container\">\n\t\t\t\t\t<h1 class=\"elementor-heading-title elementor-size-default\">Kava<\/h1>\t\t\t\t<\/div>\n\t\t\t\t<\/div>\n\t\t\t\t\t<\/div>\n\t\t<\/div>\n\t\t\t\t\t<\/div>\n\t\t<\/section>\n\t\t\t\t<section class=\"elementor-section elementor-top-section elementor-element elementor-element-a360147 elementor-section-boxed elementor-section-height-default elementor-section-height-default\" data-id=\"a360147\" data-element_type=\"section\" data-e-type=\"section\" data-settings=\"{&quot;background_background&quot;:&quot;classic&quot;}\">\n\t\t\t\t\t\t<div class=\"elementor-container elementor-column-gap-default\">\n\t\t\t\t\t<div class=\"elementor-column elementor-col-100 elementor-top-column elementor-element elementor-element-792cf39\" data-id=\"792cf39\" data-element_type=\"column\" data-e-type=\"column\">\n\t\t\t<div class=\"elementor-widget-wrap elementor-element-populated\">\n\t\t\t\t\t\t<div class=\"elementor-element elementor-element-13ac883 elementor-widget elementor-widget-heading\" data-id=\"13ac883\" data-element_type=\"widget\" data-e-type=\"widget\" data-widget_type=\"heading.default\">\n\t\t\t\t<div class=\"elementor-widget-container\">\n\t\t\t\t\t<h2 class=\"elementor-heading-title elementor-size-default\">\u00a1Bula!<\/h2>\t\t\t\t<\/div>\n\t\t\t\t<\/div>\n\t\t\t\t\t<\/div>\n\t\t<\/div>\n\t\t\t\t\t<\/div>\n\t\t<\/section>\n\t\t\t\t<section class=\"elementor-section elementor-top-section elementor-element elementor-element-97e9858 elementor-section-boxed elementor-section-height-default elementor-section-height-default\" data-id=\"97e9858\" data-element_type=\"section\" data-e-type=\"section\" data-settings=\"{&quot;background_background&quot;:&quot;classic&quot;}\">\n\t\t\t\t\t\t<div class=\"elementor-container elementor-column-gap-default\">\n\t\t\t\t\t<div class=\"elementor-column elementor-col-50 elementor-top-column elementor-element elementor-element-4f7073d\" data-id=\"4f7073d\" data-element_type=\"column\" data-e-type=\"column\" data-settings=\"{&quot;background_background&quot;:&quot;classic&quot;}\">\n\t\t\t<div class=\"elementor-widget-wrap elementor-element-populated\">\n\t\t\t\t\t\t<div class=\"elementor-element elementor-element-9b3d8e4 elementor-widget elementor-widget-image\" data-id=\"9b3d8e4\" data-element_type=\"widget\" data-e-type=\"widget\" data-widget_type=\"image.default\">\n\t\t\t\t<div class=\"elementor-widget-container\">\n\t\t\t\t\t\t\t\t\t\t\t\t\t\t\t<img fetchpriority=\"high\" decoding=\"async\" width=\"300\" height=\"300\" src=\"https:\/\/teadoroherbs.net\/wp-content\/uploads\/2022\/10\/count-down-300x300.jpeg\" class=\"attachment-medium size-medium wp-image-2345\" alt=\"\" srcset=\"https:\/\/teadoroherbs.net\/wp-content\/uploads\/2022\/10\/count-down-300x300.jpeg 300w, https:\/\/teadoroherbs.net\/wp-content\/uploads\/2022\/10\/count-down-1024x1024.jpeg 1024w, https:\/\/teadoroherbs.net\/wp-content\/uploads\/2022\/10\/count-down-150x150.jpeg 150w, https:\/\/teadoroherbs.net\/wp-content\/uploads\/2022\/10\/count-down-768x768.jpeg 768w, https:\/\/teadoroherbs.net\/wp-content\/uploads\/2022\/10\/count-down-12x12.jpeg 12w, https:\/\/teadoroherbs.net\/wp-content\/uploads\/2022\/10\/count-down.jpeg 1384w\" sizes=\"(max-width: 300px) 100vw, 300px\" \/>\t\t\t\t\t\t\t\t\t\t\t\t\t\t\t<\/div>\n\t\t\t\t<\/div>\n\t\t\t\t<div class=\"elementor-element elementor-element-e1dfd7e elementor-widget elementor-widget-image\" data-id=\"e1dfd7e\" data-element_type=\"widget\" data-e-type=\"widget\" data-widget_type=\"image.default\">\n\t\t\t\t<div class=\"elementor-widget-container\">\n\t\t\t\t\t\t\t\t\t\t\t\t\t\t\t<img decoding=\"async\" width=\"225\" height=\"300\" src=\"https:\/\/teadoroherbs.net\/wp-content\/uploads\/2023\/02\/fb0995d1-14d4-4f75-aab7-255a5e2b6803-225x300.jpg\" class=\"attachment-medium size-medium wp-image-2703\" alt=\"\" srcset=\"https:\/\/teadoroherbs.net\/wp-content\/uploads\/2023\/02\/fb0995d1-14d4-4f75-aab7-255a5e2b6803-225x300.jpg 225w, https:\/\/teadoroherbs.net\/wp-content\/uploads\/2023\/02\/fb0995d1-14d4-4f75-aab7-255a5e2b6803-768x1024.jpg 768w, https:\/\/teadoroherbs.net\/wp-content\/uploads\/2023\/02\/fb0995d1-14d4-4f75-aab7-255a5e2b6803-1152x1536.jpg 1152w, https:\/\/teadoroherbs.net\/wp-content\/uploads\/2023\/02\/fb0995d1-14d4-4f75-aab7-255a5e2b6803-9x12.jpg 9w, https:\/\/teadoroherbs.net\/wp-content\/uploads\/2023\/02\/fb0995d1-14d4-4f75-aab7-255a5e2b6803.jpg 1200w\" sizes=\"(max-width: 225px) 100vw, 225px\" \/>\t\t\t\t\t\t\t\t\t\t\t\t\t\t\t<\/div>\n\t\t\t\t<\/div>\n\t\t\t\t<div class=\"elementor-element elementor-element-26d870e elementor-widget elementor-widget-image\" data-id=\"26d870e\" data-element_type=\"widget\" data-e-type=\"widget\" data-widget_type=\"image.default\">\n\t\t\t\t<div class=\"elementor-widget-container\">\n\t\t\t\t\t\t\t\t\t\t\t\t\t\t\t<img decoding=\"async\" width=\"300\" height=\"201\" src=\"https:\/\/teadoroherbs.net\/wp-content\/uploads\/2023\/02\/the-facts-behind-claims-of-liver-toxicity-and-kava-use-300x201.png\" class=\"attachment-medium size-medium wp-image-2702\" alt=\"\" srcset=\"https:\/\/teadoroherbs.net\/wp-content\/uploads\/2023\/02\/the-facts-behind-claims-of-liver-toxicity-and-kava-use-300x201.png 300w, https:\/\/teadoroherbs.net\/wp-content\/uploads\/2023\/02\/the-facts-behind-claims-of-liver-toxicity-and-kava-use-1024x685.png 1024w, https:\/\/teadoroherbs.net\/wp-content\/uploads\/2023\/02\/the-facts-behind-claims-of-liver-toxicity-and-kava-use-768x514.png 768w, https:\/\/teadoroherbs.net\/wp-content\/uploads\/2023\/02\/the-facts-behind-claims-of-liver-toxicity-and-kava-use-18x12.png 18w, https:\/\/teadoroherbs.net\/wp-content\/uploads\/2023\/02\/the-facts-behind-claims-of-liver-toxicity-and-kava-use.png 1166w\" sizes=\"(max-width: 300px) 100vw, 300px\" \/>\t\t\t\t\t\t\t\t\t\t\t\t\t\t\t<\/div>\n\t\t\t\t<\/div>\n\t\t\t\t\t<\/div>\n\t\t<\/div>\n\t\t\t\t<div class=\"elementor-column elementor-col-50 elementor-top-column elementor-element elementor-element-378bb43\" data-id=\"378bb43\" data-element_type=\"column\" data-e-type=\"column\" data-settings=\"{&quot;background_background&quot;:&quot;classic&quot;}\">\n\t\t\t<div class=\"elementor-widget-wrap elementor-element-populated\">\n\t\t\t\t\t\t<div class=\"elementor-element elementor-element-139f4e7 elementor-widget elementor-widget-text-editor\" data-id=\"139f4e7\" data-element_type=\"widget\" data-e-type=\"widget\" data-widget_type=\"text-editor.default\">\n\t\t\t\t<div class=\"elementor-widget-container\">\n\t\t\t\t\t\t\t\t\t<p>Kava, wissenschaftlich Piper Methysticum genannt, ist ein pflanzliches Getr\u00e4nk, das auf den Inseln des S\u00fcdpazifiks beheimatet ist. <a href=\"https:\/\/www.ancient-origins.net\/ancient-places-asia\/ancient-origins-ceremonial-kava-drink-pacific-001848\">Wird als zeremonielles Getr\u00e4nk verwendet<\/a>&nbsp;Kava wird von den Ureinwohnern seit \u00fcber 2.500 Jahren verwendet und ist f\u00fcr seine F\u00e4higkeit bekannt, eine tiefe Entspannung und ein Gef\u00fchl des Wohlbefindens hervorzurufen und gleichzeitig die soziale Interaktion zu f\u00f6rdern.&nbsp;<\/p>\n<p>Und mit Entspannung meinen wir nicht so etwas wie eine Tasse Kamillentee - Kava hat die unheimliche F\u00e4higkeit, den K\u00f6rper zu entspannen. <a href=\"https:\/\/www.ncbi.nlm.nih.gov\/pmc\/articles\/PMC4630875\/\">selbst die hartn\u00e4ckigsten \u00c4ngste<\/a>. Viele Menschen, die Kava konsumieren, sp\u00fcren eine fast unmittelbare Welle der Ruhe, die ihren K\u00f6rper \u00fcbersp\u00fclt, den Geist kl\u00e4rt und die Muskeln k\u00f6rperlich entspannt.&nbsp;<\/p>\n<p>Kava enth\u00e4lt viele komplexe Molek\u00fcle, die in Verbindung miteinander dazu beitragen, \u00fcberm\u00e4\u00dfiges Denken und Sorgen zu reduzieren und einen ruhigen Geist wiederherzustellen, der es Ihnen erm\u00f6glicht, sich nur auf die Gedanken zu konzentrieren, die Sie denken m\u00f6chten. Wenn die Last der Angst aus dem Kopf verschwunden ist, k\u00f6nnen Sie sich frei f\u00fchlen, sich offener auszudr\u00fccken und somit von reicheren sozialen Interaktionen profitieren.<\/p>\n<p>Diese Wunderpflanze wirkt auch als nat\u00fcrliches <a href=\"https:\/\/www.ncbi.nlm.nih.gov\/pmc\/articles\/PMC7600512\/\">Analgetikum zur Schmerzlinderung<\/a> und Verspannungen aus dem K\u00f6rper. Wenn Sie oft durch k\u00f6rperliche Schmerzen, verspannte Muskeln oder zu viele unerw\u00fcnschte Gedanken von Ihrem Seelenfrieden abgelenkt werden, kann Kava ein nat\u00fcrlicher Weg sein, um Ihr Leben zu verbessern!<\/p>\n<p>Kava ist erwiesenerma\u00dfen hochwirksam bei <a href=\"https:\/\/www.verywellhealth.com\/kava-for-insomnia-relief-89337\">Tiefschlaf induzieren<\/a> in many suffering from insomnia. It won&#8217;t make you tired during the day when you normally wouldn&#8217;t be sleeping, but once you lay your head down, expect an even deeper sleep than you&#8217;re used to.<\/p>\n<p>Im Gegensatz zu allen anderen pflanzlichen Arzneimitteln werden die positiven Wirkungen von Kava umso st\u00e4rker, je \u00f6fter Sie es anwenden. Das bedeutet, dass die Wirkung beim ersten Mal nicht so stark sein wird wie beim zweiten Mal. Wenn Sie erleben m\u00f6chten, was Kava Ihnen beim ersten Mal zu bieten hat, empfehlen wir, 8-12 Unzen zu trinken. Aus diesem Grund bieten wir einen Rabatt f\u00fcr diejenigen, die Kava zum ersten Mal probieren!&nbsp;<\/p>\n<p>Auf den Fidschi-Inseln, wo die Pflanze ihren Ursprung hat, sagen die Einheimischen BULA! bevor sie einen Schluck von diesem uralten Heilmittel nehmen. Wir laden Sie ein, an diesem Brauch teilzuhaben! BULA!<\/p>\n<p><strong>Wenn Sie innerhalb der letzten 6 Stunden Alkohol konsumiert haben oder planen, innerhalb der n\u00e4chsten 6 Stunden Alkohol zu konsumieren, verzichten Sie auf die Einnahme von Kava und warten Sie auf einen anderen Tag, um es zu probieren: Die beiden sollten nicht kombiniert werden! Wenn Sie pharmazeutische Medikamente einnehmen, fragen Sie Ihren Arzt, bevor Sie sie mit Kava kombinieren. Wenn Sie uns mitteilen, dass Sie daran interessiert sind, aber k\u00fcrzlich Alkohol konsumiert haben, geben wir Ihnen gerne eine Rabattkarte mit 50 % Rabatt, damit Sie die Vorteile von Kava zu einem sp\u00e4teren Zeitpunkt genie\u00dfen k\u00f6nnen!<\/strong><\/p>\t\t\t\t\t\t\t\t<\/div>\n\t\t\t\t<\/div>\n\t\t\t\t\t<\/div>\n\t\t<\/div>\n\t\t\t\t\t<\/div>\n\t\t<\/section>\n\t\t\t\t<section class=\"elementor-section elementor-top-section elementor-element elementor-element-b3afe04 elementor-section-boxed elementor-section-height-default elementor-section-height-default\" data-id=\"b3afe04\" data-element_type=\"section\" data-e-type=\"section\" data-settings=\"{&quot;background_background&quot;:&quot;classic&quot;}\">\n\t\t\t\t\t\t<div class=\"elementor-container elementor-column-gap-default\">\n\t\t\t\t\t<div class=\"elementor-column elementor-col-100 elementor-top-column elementor-element elementor-element-a87d857\" data-id=\"a87d857\" data-element_type=\"column\" data-e-type=\"column\">\n\t\t\t<div class=\"elementor-widget-wrap elementor-element-populated\">\n\t\t\t\t\t\t<div class=\"elementor-element elementor-element-ab6efde elementor-widget elementor-widget-heading\" data-id=\"ab6efde\" data-element_type=\"widget\" data-e-type=\"widget\" data-widget_type=\"heading.default\">\n\t\t\t\t<div class=\"elementor-widget-container\">\n\t\t\t\t\t<h2 class=\"elementor-heading-title elementor-size-default\">!Bula!<\/h2>\t\t\t\t<\/div>\n\t\t\t\t<\/div>\n\t\t\t\t\t<\/div>\n\t\t<\/div>\n\t\t\t\t\t<\/div>\n\t\t<\/section>\n\t\t\t\t<\/div>","protected":false},"excerpt":{"rendered":"<p>Kava \u00a1Bula! Kava, scientifically named Piper Methysticum, is a plant-based beverage native to the South Pacific islands. Used as a ceremonial beverage&nbsp;by the native population for over 2,500 years, Kava was renowned for its abilities to induce profound relaxation and sense of wellbeing while also enhancing social interaction.&nbsp; And by relaxation, we don&#8217;t mean like &hellip;<\/p>\n<p class=\"read-more\"> <a class=\"\" href=\"https:\/\/teadoroherbs.net\/de\/kava\/\"> <span class=\"screen-reader-text\">Kava<\/span> Weiterlesen &raquo;<\/a><\/p>","protected":false},"author":1,"featured_media":0,"parent":0,"menu_order":0,"comment_status":"closed","ping_status":"closed","template":"","meta":{"site-sidebar-layout":"no-sidebar","site-content-layout":"page-builder","ast-global-header-display":"","ast-main-header-display":"","ast-hfb-above-header-display":"","ast-hfb-below-header-display":"","ast-hfb-mobile-header-display":"","site-post-title":"disabled","ast-breadcrumbs-content":"","ast-featured-img":"disabled","footer-sml-layout":"","theme-transparent-header-meta":"","adv-header-id-meta":"","stick-header-meta":"","header-above-stick-meta":"","header-main-stick-meta":"","header-below-stick-meta":"","footnotes":""},"class_list":["post-2558","page","type-page","status-publish","hentry"],"jetpack_sharing_enabled":true,"_links":{"self":[{"href":"https:\/\/teadoroherbs.net\/de\/wp-json\/wp\/v2\/pages\/2558","targetHints":{"allow":["GET"]}}],"collection":[{"href":"https:\/\/teadoroherbs.net\/de\/wp-json\/wp\/v2\/pages"}],"about":[{"href":"https:\/\/teadoroherbs.net\/de\/wp-json\/wp\/v2\/types\/page"}],"author":[{"embeddable":true,"href":"https:\/\/teadoroherbs.net\/de\/wp-json\/wp\/v2\/users\/1"}],"replies":[{"embeddable":true,"href":"https:\/\/teadoroherbs.net\/de\/wp-json\/wp\/v2\/comments?post=2558"}],"version-history":[{"count":25,"href":"https:\/\/teadoroherbs.net\/de\/wp-json\/wp\/v2\/pages\/2558\/revisions"}],"predecessor-version":[{"id":2720,"href":"https:\/\/teadoroherbs.net\/de\/wp-json\/wp\/v2\/pages\/2558\/revisions\/2720"}],"wp:attachment":[{"href":"https:\/\/teadoroherbs.net\/de\/wp-json\/wp\/v2\/media?parent=2558"}],"curies":[{"name":"wp","href":"https:\/\/api.w.org\/{rel}","templated":true}]}}