{"id":6,"date":"2021-04-30T16:10:54","date_gmt":"2021-04-30T16:10:54","guid":{"rendered":"https:\/\/teadoroherbs.net\/home\/"},"modified":"2023-02-22T00:35:48","modified_gmt":"2023-02-22T00:35:48","slug":"home","status":"publish","type":"page","link":"https:\/\/teadoroherbs.net\/de\/","title":{"rendered":"Startseite"},"content":{"rendered":"<div data-elementor-type=\"wp-page\" data-elementor-id=\"6\" class=\"elementor elementor-6\">\n\t\t\t\t\t\t<section class=\"elementor-section elementor-top-section elementor-element elementor-element-959ec58 elementor-section-height-min-height elementor-section-boxed elementor-section-height-default elementor-section-items-middle\" data-id=\"959ec58\" data-element_type=\"section\" data-e-type=\"section\" data-settings=\"{&quot;background_background&quot;:&quot;classic&quot;}\">\n\t\t\t\t\t\t\t<div class=\"elementor-background-overlay\"><\/div>\n\t\t\t\t\t\t\t<div class=\"elementor-container elementor-column-gap-no\">\n\t\t\t\t\t<div class=\"elementor-column elementor-col-100 elementor-top-column elementor-element elementor-element-a30f7db\" data-id=\"a30f7db\" data-element_type=\"column\" data-e-type=\"column\">\n\t\t\t<div class=\"elementor-widget-wrap elementor-element-populated\">\n\t\t\t\t\t\t<div class=\"elementor-element elementor-element-9e48adf elementor-widget elementor-widget-heading\" data-id=\"9e48adf\" data-element_type=\"widget\" data-e-type=\"widget\" data-widget_type=\"heading.default\">\n\t\t\t\t<div class=\"elementor-widget-container\">\n\t\t\t\t\t<h1 class=\"elementor-heading-title elementor-size-default\">T\u00e9 Adoro<\/h1>\t\t\t\t<\/div>\n\t\t\t\t<\/div>\n\t\t\t\t<div class=\"elementor-element elementor-element-5e8fdec elementor-widget elementor-widget-heading\" data-id=\"5e8fdec\" data-element_type=\"widget\" data-e-type=\"widget\" data-widget_type=\"heading.default\">\n\t\t\t\t<div class=\"elementor-widget-container\">\n\t\t\t\t\t<h3 class=\"elementor-heading-title elementor-size-default\">Durch Pflanzen k\u00f6nnen wir heilen und f\u00fchlen.<\/h3>\t\t\t\t<\/div>\n\t\t\t\t<\/div>\n\t\t\t\t\t<\/div>\n\t\t<\/div>\n\t\t\t\t\t<\/div>\n\t\t<\/section>\n\t\t\t\t<section class=\"elementor-section elementor-top-section elementor-element elementor-element-2936905 elementor-section-height-min-height elementor-section-items-stretch elementor-section-boxed elementor-section-height-default\" data-id=\"2936905\" data-element_type=\"section\" data-e-type=\"section\" data-settings=\"{&quot;background_background&quot;:&quot;classic&quot;}\">\n\t\t\t\t\t\t\t<div class=\"elementor-background-overlay\"><\/div>\n\t\t\t\t\t\t\t<div class=\"elementor-container elementor-column-gap-no\">\n\t\t\t\t\t<div class=\"elementor-column elementor-col-50 elementor-top-column elementor-element elementor-element-e35dee4\" data-id=\"e35dee4\" data-element_type=\"column\" data-e-type=\"column\">\n\t\t\t<div class=\"elementor-widget-wrap elementor-element-populated\">\n\t\t\t\t\t\t<div class=\"elementor-element elementor-element-7af9beb elementor-widget elementor-widget-heading\" data-id=\"7af9beb\" data-element_type=\"widget\" data-e-type=\"widget\" data-widget_type=\"heading.default\">\n\t\t\t\t<div class=\"elementor-widget-container\">\n\t\t\t\t\t<h2 class=\"elementor-heading-title elementor-size-default\">Hinter dem Namen<\/h2>\t\t\t\t<\/div>\n\t\t\t\t<\/div>\n\t\t\t\t<div class=\"elementor-element elementor-element-98aa56e elementor-widget elementor-widget-heading\" data-id=\"98aa56e\" data-element_type=\"widget\" data-e-type=\"widget\" data-widget_type=\"heading.default\">\n\t\t\t\t<div class=\"elementor-widget-container\">\n\t\t\t\t\t<h5 class=\"elementor-heading-title elementor-size-default\">T\u00e9 Adoro wurde gegr\u00fcndet, um k\u00f6stliche Bio-Getr\u00e4nke f\u00fcr alle anzubieten, die einen gesunden Lebensstil anstreben. T\u00e9 Adoro bietet eine Reihe von losen Tees, Kava, Cold Brew Coffee und mehr! Wenn Sie auf der Suche nach alternativen Methoden sind, um sich entspannt, gl\u00fccklich und energiegeladen zu f\u00fchlen, kommen Sie noch heute zu T\u00e9 Adoro und lassen Sie sich von uns helfen! Unser einzigartiger Laden wird Ihnen helfen, in den perfekten Entspannungsmodus zu kommen.<\/h5>\t\t\t\t<\/div>\n\t\t\t\t<\/div>\n\t\t\t\t<div class=\"elementor-element elementor-element-0f38bfa elementor-widget elementor-widget-text-editor\" data-id=\"0f38bfa\" data-element_type=\"widget\" data-e-type=\"widget\" data-widget_type=\"text-editor.default\">\n\t\t\t\t<div class=\"elementor-widget-container\">\n\t\t\t\t\t\t\t\t\t<p>T\u00e9 Adoro bietet eine gro\u00dfe Auswahl an 100% BIO-Kr\u00e4uterbl\u00e4ttern. Stellen Sie an unserer Bar Ihre eigenen Kr\u00e4utermischungen zusammen, die Sie probieren und sp\u00e4ter mit nach Hause nehmen k\u00f6nnen. Entspannen Sie sich mit einer unserer f\u00fcnf Spezialmischungen auf Eis oder hei\u00df, w\u00e4hrend Sie in unserem Laden oder drau\u00dfen sitzen! Suchen Sie nach etwas anderem als Tee? Probieren Sie Cold Brew Coffee oder Kava.<\/p>\t\t\t\t\t\t\t\t<\/div>\n\t\t\t\t<\/div>\n\t\t\t\t\t<\/div>\n\t\t<\/div>\n\t\t\t\t<div class=\"elementor-column elementor-col-50 elementor-top-column elementor-element elementor-element-e511599\" data-id=\"e511599\" data-element_type=\"column\" data-e-type=\"column\">\n\t\t\t<div class=\"elementor-widget-wrap elementor-element-populated\">\n\t\t\t\t\t\t<div class=\"elementor-element elementor-element-3b8e243 elementor-widget elementor-widget-image\" data-id=\"3b8e243\" data-element_type=\"widget\" data-e-type=\"widget\" data-widget_type=\"image.default\">\n\t\t\t\t<div class=\"elementor-widget-container\">\n\t\t\t\t\t\t\t\t\t\t\t\t\t\t\t<img fetchpriority=\"high\" decoding=\"async\" width=\"768\" height=\"1024\" src=\"https:\/\/teadoroherbs.net\/wp-content\/uploads\/2023\/02\/aa89e4c5-38e4-40af-8280-3d14f042b992-768x1024.jpg\" class=\"attachment-large size-large wp-image-2690\" alt=\"\" srcset=\"https:\/\/teadoroherbs.net\/wp-content\/uploads\/2023\/02\/aa89e4c5-38e4-40af-8280-3d14f042b992-768x1024.jpg 768w, https:\/\/teadoroherbs.net\/wp-content\/uploads\/2023\/02\/aa89e4c5-38e4-40af-8280-3d14f042b992-225x300.jpg 225w, https:\/\/teadoroherbs.net\/wp-content\/uploads\/2023\/02\/aa89e4c5-38e4-40af-8280-3d14f042b992-1152x1536.jpg 1152w, https:\/\/teadoroherbs.net\/wp-content\/uploads\/2023\/02\/aa89e4c5-38e4-40af-8280-3d14f042b992-9x12.jpg 9w, https:\/\/teadoroherbs.net\/wp-content\/uploads\/2023\/02\/aa89e4c5-38e4-40af-8280-3d14f042b992.jpg 1200w\" sizes=\"(max-width: 768px) 100vw, 768px\" \/>\t\t\t\t\t\t\t\t\t\t\t\t\t\t\t<\/div>\n\t\t\t\t<\/div>\n\t\t\t\t<div class=\"elementor-element elementor-element-c9fbd62 elementor-widget elementor-widget-heading\" data-id=\"c9fbd62\" data-element_type=\"widget\" data-e-type=\"widget\" data-widget_type=\"heading.default\">\n\t\t\t\t<div class=\"elementor-widget-container\">\n\t\t\t\t\t<h2 class=\"elementor-heading-title elementor-size-default\">T\u00e9 Adoro Qualit\u00e4t<\/h2>\t\t\t\t<\/div>\n\t\t\t\t<\/div>\n\t\t\t\t<div class=\"elementor-element elementor-element-e334be3 elementor-widget elementor-widget-text-editor\" data-id=\"e334be3\" data-element_type=\"widget\" data-e-type=\"widget\" data-widget_type=\"text-editor.default\">\n\t\t\t\t<div class=\"elementor-widget-container\">\n\t\t\t\t\t\t\t\t\t<p>Viele unserer Getr\u00e4nke bei T\u00e9 Adoro k\u00f6nnen viele Fragen aufwerfen. Hier auf unserer Website hat unser Team hart daran gearbeitet, so viele Informationen wie m\u00f6glich bereitzustellen. Erforschen Sie unsere Kr\u00e4uter und Tees, indem Sie auf die obigen Registerkarten klicken.<\/p>\t\t\t\t\t\t\t\t<\/div>\n\t\t\t\t<\/div>\n\t\t\t\t\t<\/div>\n\t\t<\/div>\n\t\t\t\t\t<\/div>\n\t\t<\/section>\n\t\t\t\t<section class=\"elementor-section elementor-top-section elementor-element elementor-element-855f8af elementor-section-boxed elementor-section-height-default elementor-section-height-default\" data-id=\"855f8af\" data-element_type=\"section\" data-e-type=\"section\" data-settings=\"{&quot;background_background&quot;:&quot;classic&quot;}\">\n\t\t\t\t\t\t<div class=\"elementor-container elementor-column-gap-default\">\n\t\t\t\t\t<div class=\"elementor-column elementor-col-100 elementor-top-column elementor-element elementor-element-6f498de\" data-id=\"6f498de\" data-element_type=\"column\" data-e-type=\"column\">\n\t\t\t<div class=\"elementor-widget-wrap elementor-element-populated\">\n\t\t\t\t\t\t<div class=\"elementor-element elementor-element-c67fbd8 elementor-widget elementor-widget-heading\" data-id=\"c67fbd8\" data-element_type=\"widget\" data-e-type=\"widget\" data-widget_type=\"heading.default\">\n\t\t\t\t<div class=\"elementor-widget-container\">\n\t\t\t\t\t<h2 class=\"elementor-heading-title elementor-size-default\">Vielfalt<\/h2>\t\t\t\t<\/div>\n\t\t\t\t<\/div>\n\t\t\t\t<div class=\"elementor-element elementor-element-17baa9b elementor-widget elementor-widget-text-editor\" data-id=\"17baa9b\" data-element_type=\"widget\" data-e-type=\"widget\" data-widget_type=\"text-editor.default\">\n\t\t\t\t<div class=\"elementor-widget-container\">\n\t\t\t\t\t\t\t\t\t<p>Wir bei T\u00e9 Adoro sind stolz darauf, G\u00e4ste aus der ganzen Welt zu empfangen. Wir freuen uns, Ihnen mitteilen zu k\u00f6nnen, dass die Website auf Spanisch, Franz\u00f6sisch, Deutsch und Italienisch verf\u00fcgbar ist! Gehen Sie einfach zum Anfang der Seite, klicken Sie auf die gew\u00fcnschte Flagge, und die Website wird automatisch in die ausgew\u00e4hlte Sprache \u00fcbersetzt<\/p>\t\t\t\t\t\t\t\t<\/div>\n\t\t\t\t<\/div>\n\t\t\t\t<div class=\"elementor-element elementor-element-4b4a815 elementor-widget elementor-widget-image\" data-id=\"4b4a815\" data-element_type=\"widget\" data-e-type=\"widget\" data-widget_type=\"image.default\">\n\t\t\t\t<div class=\"elementor-widget-container\">\n\t\t\t\t\t\t\t\t\t\t\t\t\t\t\t<img decoding=\"async\" width=\"768\" height=\"1024\" src=\"https:\/\/teadoroherbs.net\/wp-content\/uploads\/2023\/02\/41ecd958-5428-4e51-a990-1316d6e58cd6-768x1024.jpg\" class=\"attachment-medium_large size-medium_large wp-image-2710\" alt=\"\" srcset=\"https:\/\/teadoroherbs.net\/wp-content\/uploads\/2023\/02\/41ecd958-5428-4e51-a990-1316d6e58cd6-768x1024.jpg 768w, https:\/\/teadoroherbs.net\/wp-content\/uploads\/2023\/02\/41ecd958-5428-4e51-a990-1316d6e58cd6-225x300.jpg 225w, https:\/\/teadoroherbs.net\/wp-content\/uploads\/2023\/02\/41ecd958-5428-4e51-a990-1316d6e58cd6-1152x1536.jpg 1152w, https:\/\/teadoroherbs.net\/wp-content\/uploads\/2023\/02\/41ecd958-5428-4e51-a990-1316d6e58cd6-9x12.jpg 9w, https:\/\/teadoroherbs.net\/wp-content\/uploads\/2023\/02\/41ecd958-5428-4e51-a990-1316d6e58cd6.jpg 1200w\" sizes=\"(max-width: 768px) 100vw, 768px\" \/>\t\t\t\t\t\t\t\t\t\t\t\t\t\t\t<\/div>\n\t\t\t\t<\/div>\n\t\t\t\t\t<\/div>\n\t\t<\/div>\n\t\t\t\t\t<\/div>\n\t\t<\/section>\n\t\t\t\t<\/div>","protected":false},"excerpt":{"rendered":"<p>T\u00e9 Adoro Through Plants, We Can Heal and Feel. Behind The Name T\u00e9 Adoro was established to provide delicious, organic beverages for those that strive for a healthy lifestyle. T\u00e9 Adoro is offering a series of loose leaf teas, kava, cold brew coffee, and more! If you are seeking alternative methods to feel relaxed, happy, &hellip;<\/p>\n<p class=\"read-more\"> <a class=\"\" href=\"https:\/\/teadoroherbs.net\/de\/\"> <span class=\"screen-reader-text\">Startseite<\/span> Weiterlesen &raquo;<\/a><\/p>","protected":false},"author":1,"featured_media":0,"parent":0,"menu_order":0,"comment_status":"closed","ping_status":"closed","template":"","meta":{"site-sidebar-layout":"no-sidebar","site-content-layout":"page-builder","ast-global-header-display":"","ast-main-header-display":"","ast-hfb-above-header-display":"","ast-hfb-below-header-display":"","ast-hfb-mobile-header-display":"","site-post-title":"disabled","ast-breadcrumbs-content":"disabled","ast-featured-img":"disabled","footer-sml-layout":"","theme-transparent-header-meta":"enabled","adv-header-id-meta":"","stick-header-meta":"","header-above-stick-meta":"","header-main-stick-meta":"","header-below-stick-meta":"","footnotes":""},"class_list":["post-6","page","type-page","status-publish","hentry"],"jetpack_sharing_enabled":true,"_links":{"self":[{"href":"https:\/\/teadoroherbs.net\/de\/wp-json\/wp\/v2\/pages\/6","targetHints":{"allow":["GET"]}}],"collection":[{"href":"https:\/\/teadoroherbs.net\/de\/wp-json\/wp\/v2\/pages"}],"about":[{"href":"https:\/\/teadoroherbs.net\/de\/wp-json\/wp\/v2\/types\/page"}],"author":[{"embeddable":true,"href":"https:\/\/teadoroherbs.net\/de\/wp-json\/wp\/v2\/users\/1"}],"replies":[{"embeddable":true,"href":"https:\/\/teadoroherbs.net\/de\/wp-json\/wp\/v2\/comments?post=6"}],"version-history":[{"count":94,"href":"https:\/\/teadoroherbs.net\/de\/wp-json\/wp\/v2\/pages\/6\/revisions"}],"predecessor-version":[{"id":2729,"href":"https:\/\/teadoroherbs.net\/de\/wp-json\/wp\/v2\/pages\/6\/revisions\/2729"}],"wp:attachment":[{"href":"https:\/\/teadoroherbs.net\/de\/wp-json\/wp\/v2\/media?parent=6"}],"curies":[{"name":"wp","href":"https:\/\/api.w.org\/{rel}","templated":true}]}}