{"id":2224,"date":"2022-10-13T19:00:04","date_gmt":"2022-10-13T19:00:04","guid":{"rendered":"https:\/\/teadoroherbs.net\/?page_id=2224"},"modified":"2022-10-31T21:23:45","modified_gmt":"2022-10-31T21:23:45","slug":"blue-lotus","status":"publish","type":"page","link":"https:\/\/teadoroherbs.net\/es\/blue-lotus\/","title":{"rendered":"Loto azul"},"content":{"rendered":"<div data-elementor-type=\"wp-page\" data-elementor-id=\"2224\" class=\"elementor elementor-2224\">\n\t\t\t\t\t\t<section class=\"elementor-section elementor-top-section elementor-element elementor-element-xq9deam elementor-section-height-min-height elementor-section-boxed elementor-section-height-default elementor-section-items-middle\" data-id=\"xq9deam\" data-element_type=\"section\" data-e-type=\"section\" data-settings=\"{&quot;background_background&quot;:&quot;classic&quot;}\">\n\t\t\t\t\t\t\t<div class=\"elementor-background-overlay\"><\/div>\n\t\t\t\t\t\t\t<div class=\"elementor-container elementor-column-gap-no\">\n\t\t\t\t\t<div class=\"elementor-column elementor-col-100 elementor-top-column elementor-element elementor-element-a5d7d75\" data-id=\"a5d7d75\" data-element_type=\"column\" data-e-type=\"column\">\n\t\t\t<div class=\"elementor-widget-wrap elementor-element-populated\">\n\t\t\t\t\t\t<div class=\"elementor-element elementor-element-4a6add8 elementor-widget elementor-widget-heading\" data-id=\"4a6add8\" data-element_type=\"widget\" data-e-type=\"widget\" data-widget_type=\"heading.default\">\n\t\t\t\t<div class=\"elementor-widget-container\">\n\t\t\t\t\t<h1 class=\"elementor-heading-title elementor-size-default\">Loto azul<\/h1>\t\t\t\t<\/div>\n\t\t\t\t<\/div>\n\t\t\t\t\t<\/div>\n\t\t<\/div>\n\t\t\t\t\t<\/div>\n\t\t<\/section>\n\t\t\t\t<section class=\"elementor-section elementor-top-section elementor-element elementor-element-qofzz1f elementor-section-height-min-height elementor-section-items-stretch elementor-section-content-middle elementor-section-boxed elementor-section-height-default\" data-id=\"qofzz1f\" data-element_type=\"section\" data-e-type=\"section\" data-settings=\"{&quot;background_background&quot;:&quot;classic&quot;}\">\n\t\t\t\t\t\t\t<div class=\"elementor-background-overlay\"><\/div>\n\t\t\t\t\t\t\t<div class=\"elementor-container elementor-column-gap-no\">\n\t\t\t\t\t<div class=\"elementor-column elementor-col-100 elementor-top-column elementor-element elementor-element-44c5021\" data-id=\"44c5021\" data-element_type=\"column\" data-e-type=\"column\">\n\t\t\t<div class=\"elementor-widget-wrap elementor-element-populated\">\n\t\t\t\t\t\t<section class=\"elementor-section elementor-inner-section elementor-element elementor-element-3eda832 elementor-section-boxed elementor-section-height-default elementor-section-height-default\" data-id=\"3eda832\" data-element_type=\"section\" data-e-type=\"section\" data-settings=\"{&quot;background_background&quot;:&quot;classic&quot;}\">\n\t\t\t\t\t\t<div class=\"elementor-container elementor-column-gap-no\">\n\t\t\t\t\t<div class=\"elementor-column elementor-col-100 elementor-inner-column elementor-element elementor-element-ff9e052\" data-id=\"ff9e052\" data-element_type=\"column\" data-e-type=\"column\">\n\t\t\t<div class=\"elementor-widget-wrap elementor-element-populated\">\n\t\t\t\t\t\t<div class=\"elementor-element elementor-element-e7b1ea2 elementor-widget elementor-widget-heading\" data-id=\"e7b1ea2\" data-element_type=\"widget\" data-e-type=\"widget\" data-widget_type=\"heading.default\">\n\t\t\t\t<div class=\"elementor-widget-container\">\n\t\t\t\t\t<h3 class=\"elementor-heading-title elementor-size-default\">El loto azul sagrado es una planta rara y en peligro de extinci\u00f3n que desempe\u00f1aba un papel crucial en las antiguas sociedades cham\u00e1nicas. Con una amplia gama de usos, como inducir la relajaci\u00f3n, provocar sue\u00f1os l\u00facidos y mejorar las experiencias \u00edntimas, no es de extra\u00f1ar que el inter\u00e9s por esta flor y su t\u00e9 haya persistido durante m\u00e1s de un milenio. Siga leyendo para saber m\u00e1s sobre este t\u00e9.<\/h3>\t\t\t\t<\/div>\n\t\t\t\t<\/div>\n\t\t\t\t<div class=\"elementor-element elementor-element-e53375f elementor-widget elementor-widget-text-editor\" data-id=\"e53375f\" data-element_type=\"widget\" data-e-type=\"widget\" data-widget_type=\"text-editor.default\">\n\t\t\t\t<div class=\"elementor-widget-container\">\n\t\t\t\t\t\t\t\t\t<p><span style=\"font-style: inherit;\"><br><\/span><\/p><p><span style=\"font-style: inherit;\">El t\u00e9 de loto azul se prepara con los p\u00e9talos y estambres de la planta conocida por su nombre bot\u00e1nico, Nymphaea Caerulea. La flor de loto azul desprende un aroma embriagadoramente maravilloso y es una hermosa flor que se ha utilizado en la curaci\u00f3n a base de hierbas que se remonta a las antiguas culturas egipcia, siria y tailandesa.<\/span><\/p>\n<p>Los antiguos egipcios utilizaban esta flor como parte de sus celebraciones religiosas en forma de vino de loto azul. La flor de loto azul se consideraba la flor oficial del dios del sol Ra.<\/p>\n<p>Esta planta de loto crece flotando en las masas de agua, donde hunde sus ra\u00edces en la tierra. Suele crecer en aguas estancadas y tibias, pero aun as\u00ed produce una de las flores m\u00e1s hermosas que se conocen. Su capacidad para crear una flor tan hermosa a partir de aguas marrones y pantanosas fue seguramente una de las razones por las que esta planta era tan apreciada como signo de crecimiento espiritual y renacimiento.<\/p>\t\t\t\t\t\t\t\t<\/div>\n\t\t\t\t<\/div>\n\t\t\t\t\t<\/div>\n\t\t<\/div>\n\t\t\t\t\t<\/div>\n\t\t<\/section>\n\t\t\t\t\t<\/div>\n\t\t<\/div>\n\t\t\t\t\t<\/div>\n\t\t<\/section>\n\t\t\t\t<section class=\"elementor-section elementor-top-section elementor-element elementor-element-4aeb2c4 elementor-section-boxed elementor-section-height-default elementor-section-height-default\" data-id=\"4aeb2c4\" data-element_type=\"section\" data-e-type=\"section\" data-settings=\"{&quot;background_background&quot;:&quot;classic&quot;}\">\n\t\t\t\t\t\t<div class=\"elementor-container elementor-column-gap-default\">\n\t\t\t\t\t<div class=\"elementor-column elementor-col-66 elementor-top-column elementor-element elementor-element-be08c51\" data-id=\"be08c51\" data-element_type=\"column\" data-e-type=\"column\">\n\t\t\t<div class=\"elementor-widget-wrap elementor-element-populated\">\n\t\t\t\t\t\t<div class=\"elementor-element elementor-element-6e36025 elementor-widget elementor-widget-text-editor\" data-id=\"6e36025\" data-element_type=\"widget\" data-e-type=\"widget\" data-widget_type=\"text-editor.default\">\n\t\t\t\t<div class=\"elementor-widget-container\">\n\t\t\t\t\t\t\t\t\t<p><span style=\"font-style: inherit;\"><br><\/span><\/p><p><span style=\"font-style: inherit;\">El t\u00e9 de loto azul se utilizaba en las sociedades antiguas de Oriente Medio de forma similar a como se utiliza la yerba mate en Sudam\u00e9rica. El t\u00e9 ofrece efectos psicoactivos suaves que otorgan una sensaci\u00f3n de euforia y bienestar. Muchas personas informan de una mayor sensaci\u00f3n de conexi\u00f3n con su entorno y el universo despu\u00e9s de consumirlo. En T\u00e9 Adoro, ofrecemos Loto como t\u00e9 o como infusi\u00f3n en vino tinto. El vino ayuda a activar algunos de los efectos de la flor, y recomendamos este m\u00e9todo si desea el efecto completo de esta planta.<\/span><\/p><p>El t\u00e9 de loto azul puede ser una ayuda eficaz para el sue\u00f1o gracias a la presencia de compuestos que s\u00f3lo se encuentran en esta planta. Estos compuestos ofrecen una sensaci\u00f3n calmante que puede ayudar a inducir un sue\u00f1o m\u00e1s tranquilo. El efecto calmante tambi\u00e9n ayuda a aliviar los problemas gastrointestinales y el nerviosismo. <br>El loto azul tambi\u00e9n es muy eficaz para mejorar los sue\u00f1os l\u00facidos. Como las culturas antiguas valoraban sus sue\u00f1os como comunicaciones de Dios, consideraban que esta planta era muy sagrada, ya que mejoraba la calidad y el detalle de sus sue\u00f1os. Consumir t\u00e9 o vino de Loto aumentar\u00e1 la cantidad de sue\u00f1o profundo que recibes, dej\u00e1ndote una sensaci\u00f3n extra de descanso y frescura al despertar. <br>Esta flor es un afrodis\u00edaco muy potente, otra raz\u00f3n por la que tiene una larga historia religiosa como s\u00edmbolo de renacimiento. Sus efectos comienzan un par de horas despu\u00e9s de su consumo y pueden mejorar enormemente la intimidad de tus experiencias.<\/p>\t\t\t\t\t\t\t\t<\/div>\n\t\t\t\t<\/div>\n\t\t\t\t\t<\/div>\n\t\t<\/div>\n\t\t\t\t<div class=\"elementor-column elementor-col-33 elementor-top-column elementor-element elementor-element-22fcd27\" data-id=\"22fcd27\" data-element_type=\"column\" data-e-type=\"column\">\n\t\t\t<div class=\"elementor-widget-wrap elementor-element-populated\">\n\t\t\t\t\t\t<div class=\"elementor-element elementor-element-f75d579 elementor-widget elementor-widget-image\" data-id=\"f75d579\" data-element_type=\"widget\" data-e-type=\"widget\" data-widget_type=\"image.default\">\n\t\t\t\t<div class=\"elementor-widget-container\">\n\t\t\t\t\t\t\t\t\t\t\t\t\t\t\t<img fetchpriority=\"high\" decoding=\"async\" width=\"612\" height=\"499\" src=\"https:\/\/teadoroherbs.net\/wp-content\/uploads\/2022\/10\/Blue-Lotus-2.jpeg\" class=\"attachment-large size-large wp-image-2228\" alt=\"\" srcset=\"https:\/\/teadoroherbs.net\/wp-content\/uploads\/2022\/10\/Blue-Lotus-2.jpeg 612w, https:\/\/teadoroherbs.net\/wp-content\/uploads\/2022\/10\/Blue-Lotus-2-300x245.jpeg 300w, https:\/\/teadoroherbs.net\/wp-content\/uploads\/2022\/10\/Blue-Lotus-2-15x12.jpeg 15w\" sizes=\"(max-width: 612px) 100vw, 612px\" \/>\t\t\t\t\t\t\t\t\t\t\t\t\t\t\t<\/div>\n\t\t\t\t<\/div>\n\t\t\t\t\t<\/div>\n\t\t<\/div>\n\t\t\t\t\t<\/div>\n\t\t<\/section>\n\t\t\t\t<\/div>","protected":false},"excerpt":{"rendered":"<p>Blue Lotus Sacred Blue Lotus is a rare and endangered plant that played crucial roles in ancient Shamanic societies. With a broad array of uses such as inducing relaxation, provoking lucid dreams, and enhancing intimate experiences, it\u2019s no wonder that interest in this flower and its tea has persisted for over a millennia. Keep reading &hellip;<\/p>\n<p class=\"read-more\"> <a class=\"\" href=\"https:\/\/teadoroherbs.net\/es\/blue-lotus\/\"> <span class=\"screen-reader-text\">Loto azul<\/span> Read More &raquo;<\/a><\/p>","protected":false},"author":1,"featured_media":0,"parent":0,"menu_order":0,"comment_status":"closed","ping_status":"closed","template":"","meta":{"site-sidebar-layout":"no-sidebar","site-content-layout":"page-builder","ast-global-header-display":"","ast-main-header-display":"","ast-hfb-above-header-display":"","ast-hfb-below-header-display":"","ast-hfb-mobile-header-display":"","site-post-title":"disabled","ast-breadcrumbs-content":"","ast-featured-img":"disabled","footer-sml-layout":"","theme-transparent-header-meta":"","adv-header-id-meta":"","stick-header-meta":"","header-above-stick-meta":"","header-main-stick-meta":"","header-below-stick-meta":"","footnotes":""},"class_list":["post-2224","page","type-page","status-publish","hentry"],"jetpack_sharing_enabled":true,"_links":{"self":[{"href":"https:\/\/teadoroherbs.net\/es\/wp-json\/wp\/v2\/pages\/2224","targetHints":{"allow":["GET"]}}],"collection":[{"href":"https:\/\/teadoroherbs.net\/es\/wp-json\/wp\/v2\/pages"}],"about":[{"href":"https:\/\/teadoroherbs.net\/es\/wp-json\/wp\/v2\/types\/page"}],"author":[{"embeddable":true,"href":"https:\/\/teadoroherbs.net\/es\/wp-json\/wp\/v2\/users\/1"}],"replies":[{"embeddable":true,"href":"https:\/\/teadoroherbs.net\/es\/wp-json\/wp\/v2\/comments?post=2224"}],"version-history":[{"count":34,"href":"https:\/\/teadoroherbs.net\/es\/wp-json\/wp\/v2\/pages\/2224\/revisions"}],"predecessor-version":[{"id":2593,"href":"https:\/\/teadoroherbs.net\/es\/wp-json\/wp\/v2\/pages\/2224\/revisions\/2593"}],"wp:attachment":[{"href":"https:\/\/teadoroherbs.net\/es\/wp-json\/wp\/v2\/media?parent=2224"}],"curies":[{"name":"wp","href":"https:\/\/api.w.org\/{rel}","templated":true}]}}