{"id":2558,"date":"2022-10-20T17:39:46","date_gmt":"2022-10-20T17:39:46","guid":{"rendered":"https:\/\/teadoroherbs.net\/?page_id=2558"},"modified":"2023-02-21T00:19:15","modified_gmt":"2023-02-21T00:19:15","slug":"kava","status":"publish","type":"page","link":"https:\/\/teadoroherbs.net\/es\/kava\/","title":{"rendered":"Kava"},"content":{"rendered":"<div data-elementor-type=\"wp-page\" data-elementor-id=\"2558\" class=\"elementor elementor-2558\">\n\t\t\t\t\t\t<section class=\"elementor-section elementor-top-section elementor-element elementor-element-yvdtb0y elementor-section-height-min-height elementor-section-boxed elementor-section-height-default elementor-section-items-middle\" data-id=\"yvdtb0y\" data-element_type=\"section\" data-e-type=\"section\" data-settings=\"{&quot;background_background&quot;:&quot;classic&quot;}\">\n\t\t\t\t\t\t\t<div class=\"elementor-background-overlay\"><\/div>\n\t\t\t\t\t\t\t<div class=\"elementor-container elementor-column-gap-no\">\n\t\t\t\t\t<div class=\"elementor-column elementor-col-100 elementor-top-column elementor-element elementor-element-a5d7d75\" data-id=\"a5d7d75\" data-element_type=\"column\" data-e-type=\"column\">\n\t\t\t<div class=\"elementor-widget-wrap elementor-element-populated\">\n\t\t\t\t\t\t<div class=\"elementor-element elementor-element-4a6add8 elementor-widget elementor-widget-heading\" data-id=\"4a6add8\" data-element_type=\"widget\" data-e-type=\"widget\" data-widget_type=\"heading.default\">\n\t\t\t\t<div class=\"elementor-widget-container\">\n\t\t\t\t\t<h1 class=\"elementor-heading-title elementor-size-default\">Kava<\/h1>\t\t\t\t<\/div>\n\t\t\t\t<\/div>\n\t\t\t\t\t<\/div>\n\t\t<\/div>\n\t\t\t\t\t<\/div>\n\t\t<\/section>\n\t\t\t\t<section class=\"elementor-section elementor-top-section elementor-element elementor-element-a360147 elementor-section-boxed elementor-section-height-default elementor-section-height-default\" data-id=\"a360147\" data-element_type=\"section\" data-e-type=\"section\" data-settings=\"{&quot;background_background&quot;:&quot;classic&quot;}\">\n\t\t\t\t\t\t<div class=\"elementor-container elementor-column-gap-default\">\n\t\t\t\t\t<div class=\"elementor-column elementor-col-100 elementor-top-column elementor-element elementor-element-792cf39\" data-id=\"792cf39\" data-element_type=\"column\" data-e-type=\"column\">\n\t\t\t<div class=\"elementor-widget-wrap elementor-element-populated\">\n\t\t\t\t\t\t<div class=\"elementor-element elementor-element-13ac883 elementor-widget elementor-widget-heading\" data-id=\"13ac883\" data-element_type=\"widget\" data-e-type=\"widget\" data-widget_type=\"heading.default\">\n\t\t\t\t<div class=\"elementor-widget-container\">\n\t\t\t\t\t<h2 class=\"elementor-heading-title elementor-size-default\">\u00a1Bula!<\/h2>\t\t\t\t<\/div>\n\t\t\t\t<\/div>\n\t\t\t\t\t<\/div>\n\t\t<\/div>\n\t\t\t\t\t<\/div>\n\t\t<\/section>\n\t\t\t\t<section class=\"elementor-section elementor-top-section elementor-element elementor-element-97e9858 elementor-section-boxed elementor-section-height-default elementor-section-height-default\" data-id=\"97e9858\" data-element_type=\"section\" data-e-type=\"section\" data-settings=\"{&quot;background_background&quot;:&quot;classic&quot;}\">\n\t\t\t\t\t\t<div class=\"elementor-container elementor-column-gap-default\">\n\t\t\t\t\t<div class=\"elementor-column elementor-col-50 elementor-top-column elementor-element elementor-element-4f7073d\" data-id=\"4f7073d\" data-element_type=\"column\" data-e-type=\"column\" data-settings=\"{&quot;background_background&quot;:&quot;classic&quot;}\">\n\t\t\t<div class=\"elementor-widget-wrap elementor-element-populated\">\n\t\t\t\t\t\t<div class=\"elementor-element elementor-element-9b3d8e4 elementor-widget elementor-widget-image\" data-id=\"9b3d8e4\" data-element_type=\"widget\" data-e-type=\"widget\" data-widget_type=\"image.default\">\n\t\t\t\t<div class=\"elementor-widget-container\">\n\t\t\t\t\t\t\t\t\t\t\t\t\t\t\t<img fetchpriority=\"high\" decoding=\"async\" width=\"300\" height=\"300\" src=\"https:\/\/teadoroherbs.net\/wp-content\/uploads\/2022\/10\/count-down-300x300.jpeg\" class=\"attachment-medium size-medium wp-image-2345\" alt=\"\" srcset=\"https:\/\/teadoroherbs.net\/wp-content\/uploads\/2022\/10\/count-down-300x300.jpeg 300w, https:\/\/teadoroherbs.net\/wp-content\/uploads\/2022\/10\/count-down-1024x1024.jpeg 1024w, https:\/\/teadoroherbs.net\/wp-content\/uploads\/2022\/10\/count-down-150x150.jpeg 150w, https:\/\/teadoroherbs.net\/wp-content\/uploads\/2022\/10\/count-down-768x768.jpeg 768w, https:\/\/teadoroherbs.net\/wp-content\/uploads\/2022\/10\/count-down-12x12.jpeg 12w, https:\/\/teadoroherbs.net\/wp-content\/uploads\/2022\/10\/count-down.jpeg 1384w\" sizes=\"(max-width: 300px) 100vw, 300px\" \/>\t\t\t\t\t\t\t\t\t\t\t\t\t\t\t<\/div>\n\t\t\t\t<\/div>\n\t\t\t\t<div class=\"elementor-element elementor-element-e1dfd7e elementor-widget elementor-widget-image\" data-id=\"e1dfd7e\" data-element_type=\"widget\" data-e-type=\"widget\" data-widget_type=\"image.default\">\n\t\t\t\t<div class=\"elementor-widget-container\">\n\t\t\t\t\t\t\t\t\t\t\t\t\t\t\t<img decoding=\"async\" width=\"225\" height=\"300\" src=\"https:\/\/teadoroherbs.net\/wp-content\/uploads\/2023\/02\/fb0995d1-14d4-4f75-aab7-255a5e2b6803-225x300.jpg\" class=\"attachment-medium size-medium wp-image-2703\" alt=\"\" srcset=\"https:\/\/teadoroherbs.net\/wp-content\/uploads\/2023\/02\/fb0995d1-14d4-4f75-aab7-255a5e2b6803-225x300.jpg 225w, https:\/\/teadoroherbs.net\/wp-content\/uploads\/2023\/02\/fb0995d1-14d4-4f75-aab7-255a5e2b6803-768x1024.jpg 768w, https:\/\/teadoroherbs.net\/wp-content\/uploads\/2023\/02\/fb0995d1-14d4-4f75-aab7-255a5e2b6803-1152x1536.jpg 1152w, https:\/\/teadoroherbs.net\/wp-content\/uploads\/2023\/02\/fb0995d1-14d4-4f75-aab7-255a5e2b6803-9x12.jpg 9w, https:\/\/teadoroherbs.net\/wp-content\/uploads\/2023\/02\/fb0995d1-14d4-4f75-aab7-255a5e2b6803.jpg 1200w\" sizes=\"(max-width: 225px) 100vw, 225px\" \/>\t\t\t\t\t\t\t\t\t\t\t\t\t\t\t<\/div>\n\t\t\t\t<\/div>\n\t\t\t\t<div class=\"elementor-element elementor-element-26d870e elementor-widget elementor-widget-image\" data-id=\"26d870e\" data-element_type=\"widget\" data-e-type=\"widget\" data-widget_type=\"image.default\">\n\t\t\t\t<div class=\"elementor-widget-container\">\n\t\t\t\t\t\t\t\t\t\t\t\t\t\t\t<img decoding=\"async\" width=\"300\" height=\"201\" src=\"https:\/\/teadoroherbs.net\/wp-content\/uploads\/2023\/02\/the-facts-behind-claims-of-liver-toxicity-and-kava-use-300x201.png\" class=\"attachment-medium size-medium wp-image-2702\" alt=\"\" srcset=\"https:\/\/teadoroherbs.net\/wp-content\/uploads\/2023\/02\/the-facts-behind-claims-of-liver-toxicity-and-kava-use-300x201.png 300w, https:\/\/teadoroherbs.net\/wp-content\/uploads\/2023\/02\/the-facts-behind-claims-of-liver-toxicity-and-kava-use-1024x685.png 1024w, https:\/\/teadoroherbs.net\/wp-content\/uploads\/2023\/02\/the-facts-behind-claims-of-liver-toxicity-and-kava-use-768x514.png 768w, https:\/\/teadoroherbs.net\/wp-content\/uploads\/2023\/02\/the-facts-behind-claims-of-liver-toxicity-and-kava-use-18x12.png 18w, https:\/\/teadoroherbs.net\/wp-content\/uploads\/2023\/02\/the-facts-behind-claims-of-liver-toxicity-and-kava-use.png 1166w\" sizes=\"(max-width: 300px) 100vw, 300px\" \/>\t\t\t\t\t\t\t\t\t\t\t\t\t\t\t<\/div>\n\t\t\t\t<\/div>\n\t\t\t\t\t<\/div>\n\t\t<\/div>\n\t\t\t\t<div class=\"elementor-column elementor-col-50 elementor-top-column elementor-element elementor-element-378bb43\" data-id=\"378bb43\" data-element_type=\"column\" data-e-type=\"column\" data-settings=\"{&quot;background_background&quot;:&quot;classic&quot;}\">\n\t\t\t<div class=\"elementor-widget-wrap elementor-element-populated\">\n\t\t\t\t\t\t<div class=\"elementor-element elementor-element-139f4e7 elementor-widget elementor-widget-text-editor\" data-id=\"139f4e7\" data-element_type=\"widget\" data-e-type=\"widget\" data-widget_type=\"text-editor.default\">\n\t\t\t\t<div class=\"elementor-widget-container\">\n\t\t\t\t\t\t\t\t\t<p>El kava, cuyo nombre cient\u00edfico es Piper Methysticum, es una bebida vegetal originaria de las islas del Pac\u00edfico Sur. <a href=\"https:\/\/www.ancient-origins.net\/ancient-places-asia\/ancient-origins-ceremonial-kava-drink-pacific-001848\">Utilizada como bebida ceremonial<\/a>&nbsp;desde hace m\u00e1s de 2.500 a\u00f1os, la Kava es conocida por su capacidad para inducir una profunda relajaci\u00f3n y una sensaci\u00f3n de bienestar, al tiempo que favorece la interacci\u00f3n social.&nbsp;<\/p>\n<p>Y por relajaci\u00f3n no nos referimos a una taza de t\u00e9 de manzanilla: el Kava tiene la extra\u00f1a capacidad de aliviar el dolor y la ansiedad, <a href=\"https:\/\/www.ncbi.nlm.nih.gov\/pmc\/articles\/PMC4630875\/\">incluso la ansiedad m\u00e1s persistente<\/a>. Muchas personas que consumen Kava sienten una oleada casi inmediata de paz que les invade, despejando la mente y relajando f\u00edsicamente los m\u00fasculos.&nbsp;<\/p>\n<p>La kava contiene muchas mol\u00e9culas complejas que, en conjunto, act\u00faan para reducir el exceso de pensamientos y preocupaciones y restablecer una mente tranquila que te permita centrarse s\u00f3lo en los pensamientos que deseas pensar. Cuando se elimina de la mente el peso de la ansiedad, puedes sentirte libre para expresarte m\u00e1s abiertamente y, por tanto, beneficiarte de interacciones sociales m\u00e1s enriquecedoras.<\/p>\n<p>Esta planta milagrosa tambi\u00e9n act\u00faa como <a href=\"https:\/\/www.ncbi.nlm.nih.gov\/pmc\/articles\/PMC7600512\/\">analg\u00e9sico que alivia el dolor<\/a> y la tensi\u00f3n del cuerpo. Si a menudo el dolor f\u00edsico, los m\u00fasculos tensos o demasiados pensamientos no deseados le distraen de la paz mental, \u00a1la Kava puede ser una forma natural de mejorar tu vida!<\/p>\n<p>Se ha demostrado que la kava es muy eficaz para <a href=\"https:\/\/www.verywellhealth.com\/kava-for-insomnia-relief-89337\">inducir el sue\u00f1o profundo<\/a> en muchos que padecen insomnio. No te cansar\u00e1 durante el d\u00eda cuando normalmente no dormir\u00edas, pero una vez que recuestes la cabeza, espera un sue\u00f1o a\u00fan m\u00e1s profundo del que est\u00e1s acostumbrado.<\/p>\n<p>A diferencia de otras plantas medicinales, cuanto m\u00e1s a menudo se utiliza la Kava, m\u00e1s intensos son sus efectos beneficiosos. Es decir, la primera vez que la pruebes, los efectos no ser\u00e1n tan fuertes como la segunda vez. Si deseas experimentar lo que la Kava tiene para ofrecerte la primera vez que la pruebe, te recomendamos beber de 8 a 12 oz. Por esta raz\u00f3n, \u00a1ofrecemos un descuento para aquellos que prueben la Kava por primera vez!&nbsp;<\/p>\n<p>En Fiyi, de donde es originaria la planta, la poblaci\u00f3n local dice \u00a1BULA! antes de tomar un sorbo de este antiguo remedio. \u00a1Te invitamos a participar en esta costumbre! \u00a1BULA!<\/p>\n<p><strong>Si has consumido alcohol en las \u00faltimas 6 horas, o tienes previsto consumir alcohol en las pr\u00f3ximas 6 horas, renuncia al uso de Kava y espera a otro d\u00eda para probarlo: \u00a1no deben combinarse ambos! Si est\u00e1s tomando alg\u00fan medicamento farmac\u00e9utico, consulta a tu m\u00e9dico antes de combinarlo con Kava. Estaremos encantados de darte una tarjeta de descuento del 50% para que disfrutes de los beneficios del Kava m\u00e1s adelante si nos comunicas tu inter\u00e9s pero has consumido alcohol recientemente.<\/strong><\/p>\t\t\t\t\t\t\t\t<\/div>\n\t\t\t\t<\/div>\n\t\t\t\t\t<\/div>\n\t\t<\/div>\n\t\t\t\t\t<\/div>\n\t\t<\/section>\n\t\t\t\t<section class=\"elementor-section elementor-top-section elementor-element elementor-element-b3afe04 elementor-section-boxed elementor-section-height-default elementor-section-height-default\" data-id=\"b3afe04\" data-element_type=\"section\" data-e-type=\"section\" data-settings=\"{&quot;background_background&quot;:&quot;classic&quot;}\">\n\t\t\t\t\t\t<div class=\"elementor-container elementor-column-gap-default\">\n\t\t\t\t\t<div class=\"elementor-column elementor-col-100 elementor-top-column elementor-element elementor-element-a87d857\" data-id=\"a87d857\" data-element_type=\"column\" data-e-type=\"column\">\n\t\t\t<div class=\"elementor-widget-wrap elementor-element-populated\">\n\t\t\t\t\t\t<div class=\"elementor-element elementor-element-ab6efde elementor-widget elementor-widget-heading\" data-id=\"ab6efde\" data-element_type=\"widget\" data-e-type=\"widget\" data-widget_type=\"heading.default\">\n\t\t\t\t<div class=\"elementor-widget-container\">\n\t\t\t\t\t<h2 class=\"elementor-heading-title elementor-size-default\">\u00a1Bula!<\/h2>\t\t\t\t<\/div>\n\t\t\t\t<\/div>\n\t\t\t\t\t<\/div>\n\t\t<\/div>\n\t\t\t\t\t<\/div>\n\t\t<\/section>\n\t\t\t\t<\/div>","protected":false},"excerpt":{"rendered":"<p>Kava \u00a1Bula! Kava, scientifically named Piper Methysticum, is a plant-based beverage native to the South Pacific islands. Used as a ceremonial beverage&nbsp;by the native population for over 2,500 years, Kava was renowned for its abilities to induce profound relaxation and sense of wellbeing while also enhancing social interaction.&nbsp; And by relaxation, we don&#8217;t mean like &hellip;<\/p>\n<p class=\"read-more\"> <a class=\"\" href=\"https:\/\/teadoroherbs.net\/es\/kava\/\"> <span class=\"screen-reader-text\">Kava<\/span> Read More &raquo;<\/a><\/p>","protected":false},"author":1,"featured_media":0,"parent":0,"menu_order":0,"comment_status":"closed","ping_status":"closed","template":"","meta":{"site-sidebar-layout":"no-sidebar","site-content-layout":"page-builder","ast-global-header-display":"","ast-main-header-display":"","ast-hfb-above-header-display":"","ast-hfb-below-header-display":"","ast-hfb-mobile-header-display":"","site-post-title":"disabled","ast-breadcrumbs-content":"","ast-featured-img":"disabled","footer-sml-layout":"","theme-transparent-header-meta":"","adv-header-id-meta":"","stick-header-meta":"","header-above-stick-meta":"","header-main-stick-meta":"","header-below-stick-meta":"","footnotes":""},"class_list":["post-2558","page","type-page","status-publish","hentry"],"jetpack_sharing_enabled":true,"_links":{"self":[{"href":"https:\/\/teadoroherbs.net\/es\/wp-json\/wp\/v2\/pages\/2558","targetHints":{"allow":["GET"]}}],"collection":[{"href":"https:\/\/teadoroherbs.net\/es\/wp-json\/wp\/v2\/pages"}],"about":[{"href":"https:\/\/teadoroherbs.net\/es\/wp-json\/wp\/v2\/types\/page"}],"author":[{"embeddable":true,"href":"https:\/\/teadoroherbs.net\/es\/wp-json\/wp\/v2\/users\/1"}],"replies":[{"embeddable":true,"href":"https:\/\/teadoroherbs.net\/es\/wp-json\/wp\/v2\/comments?post=2558"}],"version-history":[{"count":25,"href":"https:\/\/teadoroherbs.net\/es\/wp-json\/wp\/v2\/pages\/2558\/revisions"}],"predecessor-version":[{"id":2720,"href":"https:\/\/teadoroherbs.net\/es\/wp-json\/wp\/v2\/pages\/2558\/revisions\/2720"}],"wp:attachment":[{"href":"https:\/\/teadoroherbs.net\/es\/wp-json\/wp\/v2\/media?parent=2558"}],"curies":[{"name":"wp","href":"https:\/\/api.w.org\/{rel}","templated":true}]}}