{"id":2224,"date":"2022-10-13T19:00:04","date_gmt":"2022-10-13T19:00:04","guid":{"rendered":"https:\/\/teadoroherbs.net\/?page_id=2224"},"modified":"2022-10-31T21:23:45","modified_gmt":"2022-10-31T21:23:45","slug":"blue-lotus","status":"publish","type":"page","link":"https:\/\/teadoroherbs.net\/fr\/blue-lotus\/","title":{"rendered":"Lotus bleu"},"content":{"rendered":"<div data-elementor-type=\"wp-page\" data-elementor-id=\"2224\" class=\"elementor elementor-2224\">\n\t\t\t\t\t\t<section class=\"elementor-section elementor-top-section elementor-element elementor-element-xq9deam elementor-section-height-min-height elementor-section-boxed elementor-section-height-default elementor-section-items-middle\" data-id=\"xq9deam\" data-element_type=\"section\" data-e-type=\"section\" data-settings=\"{&quot;background_background&quot;:&quot;classic&quot;}\">\n\t\t\t\t\t\t\t<div class=\"elementor-background-overlay\"><\/div>\n\t\t\t\t\t\t\t<div class=\"elementor-container elementor-column-gap-no\">\n\t\t\t\t\t<div class=\"elementor-column elementor-col-100 elementor-top-column elementor-element elementor-element-a5d7d75\" data-id=\"a5d7d75\" data-element_type=\"column\" data-e-type=\"column\">\n\t\t\t<div class=\"elementor-widget-wrap elementor-element-populated\">\n\t\t\t\t\t\t<div class=\"elementor-element elementor-element-4a6add8 elementor-widget elementor-widget-heading\" data-id=\"4a6add8\" data-element_type=\"widget\" data-e-type=\"widget\" data-widget_type=\"heading.default\">\n\t\t\t\t<div class=\"elementor-widget-container\">\n\t\t\t\t\t<h1 class=\"elementor-heading-title elementor-size-default\">Lotus bleu<\/h1>\t\t\t\t<\/div>\n\t\t\t\t<\/div>\n\t\t\t\t\t<\/div>\n\t\t<\/div>\n\t\t\t\t\t<\/div>\n\t\t<\/section>\n\t\t\t\t<section class=\"elementor-section elementor-top-section elementor-element elementor-element-qofzz1f elementor-section-height-min-height elementor-section-items-stretch elementor-section-content-middle elementor-section-boxed elementor-section-height-default\" data-id=\"qofzz1f\" data-element_type=\"section\" data-e-type=\"section\" data-settings=\"{&quot;background_background&quot;:&quot;classic&quot;}\">\n\t\t\t\t\t\t\t<div class=\"elementor-background-overlay\"><\/div>\n\t\t\t\t\t\t\t<div class=\"elementor-container elementor-column-gap-no\">\n\t\t\t\t\t<div class=\"elementor-column elementor-col-100 elementor-top-column elementor-element elementor-element-44c5021\" data-id=\"44c5021\" data-element_type=\"column\" data-e-type=\"column\">\n\t\t\t<div class=\"elementor-widget-wrap elementor-element-populated\">\n\t\t\t\t\t\t<section class=\"elementor-section elementor-inner-section elementor-element elementor-element-3eda832 elementor-section-boxed elementor-section-height-default elementor-section-height-default\" data-id=\"3eda832\" data-element_type=\"section\" data-e-type=\"section\" data-settings=\"{&quot;background_background&quot;:&quot;classic&quot;}\">\n\t\t\t\t\t\t<div class=\"elementor-container elementor-column-gap-no\">\n\t\t\t\t\t<div class=\"elementor-column elementor-col-100 elementor-inner-column elementor-element elementor-element-ff9e052\" data-id=\"ff9e052\" data-element_type=\"column\" data-e-type=\"column\">\n\t\t\t<div class=\"elementor-widget-wrap elementor-element-populated\">\n\t\t\t\t\t\t<div class=\"elementor-element elementor-element-e7b1ea2 elementor-widget elementor-widget-heading\" data-id=\"e7b1ea2\" data-element_type=\"widget\" data-e-type=\"widget\" data-widget_type=\"heading.default\">\n\t\t\t\t<div class=\"elementor-widget-container\">\n\t\t\t\t\t<h3 class=\"elementor-heading-title elementor-size-default\">Le lotus bleu sacr\u00e9 est une plante rare et menac\u00e9e qui jouait un r\u00f4le crucial dans les anciennes soci\u00e9t\u00e9s chamaniques. Avec un large \u00e9ventail d'utilisations telles que l'induction de la relaxation, la provocation de r\u00eaves lucides et l'am\u00e9lioration des exp\u00e9riences intimes, il n'est pas \u00e9tonnant que l'int\u00e9r\u00eat pour cette fleur et son th\u00e9 persiste depuis plus d'un mill\u00e9naire. Continuez \u00e0 lire pour en savoir plus sur ce th\u00e9 !<\/h3>\t\t\t\t<\/div>\n\t\t\t\t<\/div>\n\t\t\t\t<div class=\"elementor-element elementor-element-e53375f elementor-widget elementor-widget-text-editor\" data-id=\"e53375f\" data-element_type=\"widget\" data-e-type=\"widget\" data-widget_type=\"text-editor.default\">\n\t\t\t\t<div class=\"elementor-widget-container\">\n\t\t\t\t\t\t\t\t\t<p><span style=\"font-style: inherit;\"><br><\/span><\/p><p><span style=\"font-style: inherit;\">Le th\u00e9 Lotus bleu est infus\u00e9 \u00e0 partir des p\u00e9tales et des \u00e9tamines de la plante connue sous le nom botanique de Nymphaea Caerulea. La fleur de lotus bleu d\u00e9gage un parfum merveilleux et enivrant. C'est une fleur magnifique qui a \u00e9t\u00e9 utilis\u00e9e pour la gu\u00e9rison par les plantes depuis les anciennes cultures \u00e9gyptiennes, syriennes et tha\u00eflandaises.<\/span><\/p>\n<p>Cette fleur \u00e9tait utilis\u00e9e par les anciens \u00c9gyptiens dans le cadre de leurs c\u00e9l\u00e9brations religieuses sous la forme de vin de lotus bleu. La fleur de lotus bleu \u00e9tait consid\u00e9r\u00e9e comme la fleur officielle du dieu du soleil, R\u00e2.<\/p>\n<p>Cette plante de lotus pousse en flottant sur les plans d'eau, o\u00f9 elle enfonce ses racines profond\u00e9ment dans la terre. On la trouve le plus souvent dans des eaux stagnantes et ti\u00e8des, mais elle produit tout de m\u00eame l'une des plus belles fleurs connues de l'homme. Sa capacit\u00e9 \u00e0 cr\u00e9er une si belle fleur \u00e0 partir d'une eau brune et mar\u00e9cageuse est certainement l'une des raisons pour lesquelles cette plante \u00e9tait si appr\u00e9ci\u00e9e en tant que signe de croissance spirituelle et de renaissance.<\/p>\t\t\t\t\t\t\t\t<\/div>\n\t\t\t\t<\/div>\n\t\t\t\t\t<\/div>\n\t\t<\/div>\n\t\t\t\t\t<\/div>\n\t\t<\/section>\n\t\t\t\t\t<\/div>\n\t\t<\/div>\n\t\t\t\t\t<\/div>\n\t\t<\/section>\n\t\t\t\t<section class=\"elementor-section elementor-top-section elementor-element elementor-element-4aeb2c4 elementor-section-boxed elementor-section-height-default elementor-section-height-default\" data-id=\"4aeb2c4\" data-element_type=\"section\" data-e-type=\"section\" data-settings=\"{&quot;background_background&quot;:&quot;classic&quot;}\">\n\t\t\t\t\t\t<div class=\"elementor-container elementor-column-gap-default\">\n\t\t\t\t\t<div class=\"elementor-column elementor-col-66 elementor-top-column elementor-element elementor-element-be08c51\" data-id=\"be08c51\" data-element_type=\"column\" data-e-type=\"column\">\n\t\t\t<div class=\"elementor-widget-wrap elementor-element-populated\">\n\t\t\t\t\t\t<div class=\"elementor-element elementor-element-6e36025 elementor-widget elementor-widget-text-editor\" data-id=\"6e36025\" data-element_type=\"widget\" data-e-type=\"widget\" data-widget_type=\"text-editor.default\">\n\t\t\t\t<div class=\"elementor-widget-container\">\n\t\t\t\t\t\t\t\t\t<p><span style=\"font-style: inherit;\"><br><\/span><\/p><p><span style=\"font-style: inherit;\">Le th\u00e9 de lotus bleu \u00e9tait utilis\u00e9 dans les soci\u00e9t\u00e9s anciennes du Moyen-Orient, tout comme le Yerba Mate est utilis\u00e9 en Am\u00e9rique du Sud. Ce th\u00e9 a des effets psychoactifs l\u00e9gers qui procurent un sentiment d'euphorie et de bien-\u00eatre. De nombreuses personnes rapportent un sentiment accru de connexion avec leur environnement et l'univers apr\u00e8s l'avoir consomm\u00e9. Chez T\u00e9 Adoro, nous proposons le Lotus sous forme de th\u00e9 ou d'infusion dans du vin rouge. Le vin aide \u00e0 activer certains des effets de la fleur, et nous recommandons cette m\u00e9thode si vous souhaitez profiter pleinement des effets de cette plante.<\/span><\/p><p>Le th\u00e9 Lotus bleu peut \u00eatre une aide efficace au sommeil gr\u00e2ce \u00e0 la pr\u00e9sence de compos\u00e9s que l'on ne trouve que dans cette plante. Ces compos\u00e9s offrent une sensation de calme qui peut aider \u00e0 induire un sommeil plus paisible. L'effet calmant contribue \u00e9galement \u00e0 att\u00e9nuer les probl\u00e8mes gastro-intestinaux et la nervosit\u00e9. <br>Le lotus bleu est \u00e9galement tr\u00e8s efficace pour am\u00e9liorer les r\u00eaves lucides. Comme les cultures anciennes consid\u00e9raient leurs r\u00eaves comme des communications de Dieu, elles consid\u00e9raient cette plante comme tr\u00e8s sacr\u00e9e car elle am\u00e9liorait la qualit\u00e9 et les d\u00e9tails de leurs r\u00eaves. La consommation de th\u00e9 ou de vin de Lotus augmentera la quantit\u00e9 de sommeil profond que vous recevrez, vous laissant un sentiment suppl\u00e9mentaire de repos et de fra\u00eecheur \u00e0 votre r\u00e9veil. <br>Cette fleur est un aphrodisiaque tr\u00e8s puissant - une autre raison pour laquelle elle a une longue histoire religieuse en tant que symbole de renaissance. Les effets commencent quelques heures apr\u00e8s la consommation et peuvent am\u00e9liorer consid\u00e9rablement l'intimit\u00e9 de vos exp\u00e9riences.<\/p>\t\t\t\t\t\t\t\t<\/div>\n\t\t\t\t<\/div>\n\t\t\t\t\t<\/div>\n\t\t<\/div>\n\t\t\t\t<div class=\"elementor-column elementor-col-33 elementor-top-column elementor-element elementor-element-22fcd27\" data-id=\"22fcd27\" data-element_type=\"column\" data-e-type=\"column\">\n\t\t\t<div class=\"elementor-widget-wrap elementor-element-populated\">\n\t\t\t\t\t\t<div class=\"elementor-element elementor-element-f75d579 elementor-widget elementor-widget-image\" data-id=\"f75d579\" data-element_type=\"widget\" data-e-type=\"widget\" data-widget_type=\"image.default\">\n\t\t\t\t<div class=\"elementor-widget-container\">\n\t\t\t\t\t\t\t\t\t\t\t\t\t\t\t<img fetchpriority=\"high\" decoding=\"async\" width=\"612\" height=\"499\" src=\"https:\/\/teadoroherbs.net\/wp-content\/uploads\/2022\/10\/Blue-Lotus-2.jpeg\" class=\"attachment-large size-large wp-image-2228\" alt=\"\" srcset=\"https:\/\/teadoroherbs.net\/wp-content\/uploads\/2022\/10\/Blue-Lotus-2.jpeg 612w, https:\/\/teadoroherbs.net\/wp-content\/uploads\/2022\/10\/Blue-Lotus-2-300x245.jpeg 300w, https:\/\/teadoroherbs.net\/wp-content\/uploads\/2022\/10\/Blue-Lotus-2-15x12.jpeg 15w\" sizes=\"(max-width: 612px) 100vw, 612px\" \/>\t\t\t\t\t\t\t\t\t\t\t\t\t\t\t<\/div>\n\t\t\t\t<\/div>\n\t\t\t\t\t<\/div>\n\t\t<\/div>\n\t\t\t\t\t<\/div>\n\t\t<\/section>\n\t\t\t\t<\/div>","protected":false},"excerpt":{"rendered":"<p>Blue Lotus Sacred Blue Lotus is a rare and endangered plant that played crucial roles in ancient Shamanic societies. With a broad array of uses such as inducing relaxation, provoking lucid dreams, and enhancing intimate experiences, it\u2019s no wonder that interest in this flower and its tea has persisted for over a millennia. Keep reading &hellip;<\/p>\n<p class=\"read-more\"> <a class=\"\" href=\"https:\/\/teadoroherbs.net\/fr\/blue-lotus\/\"> <span class=\"screen-reader-text\">Lotus bleu<\/span> Lire la suite\u00a0\u00bb<\/a><\/p>","protected":false},"author":1,"featured_media":0,"parent":0,"menu_order":0,"comment_status":"closed","ping_status":"closed","template":"","meta":{"site-sidebar-layout":"no-sidebar","site-content-layout":"page-builder","ast-global-header-display":"","ast-main-header-display":"","ast-hfb-above-header-display":"","ast-hfb-below-header-display":"","ast-hfb-mobile-header-display":"","site-post-title":"disabled","ast-breadcrumbs-content":"","ast-featured-img":"disabled","footer-sml-layout":"","theme-transparent-header-meta":"","adv-header-id-meta":"","stick-header-meta":"","header-above-stick-meta":"","header-main-stick-meta":"","header-below-stick-meta":"","footnotes":""},"class_list":["post-2224","page","type-page","status-publish","hentry"],"jetpack_sharing_enabled":true,"_links":{"self":[{"href":"https:\/\/teadoroherbs.net\/fr\/wp-json\/wp\/v2\/pages\/2224","targetHints":{"allow":["GET"]}}],"collection":[{"href":"https:\/\/teadoroherbs.net\/fr\/wp-json\/wp\/v2\/pages"}],"about":[{"href":"https:\/\/teadoroherbs.net\/fr\/wp-json\/wp\/v2\/types\/page"}],"author":[{"embeddable":true,"href":"https:\/\/teadoroherbs.net\/fr\/wp-json\/wp\/v2\/users\/1"}],"replies":[{"embeddable":true,"href":"https:\/\/teadoroherbs.net\/fr\/wp-json\/wp\/v2\/comments?post=2224"}],"version-history":[{"count":34,"href":"https:\/\/teadoroherbs.net\/fr\/wp-json\/wp\/v2\/pages\/2224\/revisions"}],"predecessor-version":[{"id":2593,"href":"https:\/\/teadoroherbs.net\/fr\/wp-json\/wp\/v2\/pages\/2224\/revisions\/2593"}],"wp:attachment":[{"href":"https:\/\/teadoroherbs.net\/fr\/wp-json\/wp\/v2\/media?parent=2224"}],"curies":[{"name":"wp","href":"https:\/\/api.w.org\/{rel}","templated":true}]}}