{"id":2558,"date":"2022-10-20T17:39:46","date_gmt":"2022-10-20T17:39:46","guid":{"rendered":"https:\/\/teadoroherbs.net\/?page_id=2558"},"modified":"2023-02-21T00:19:15","modified_gmt":"2023-02-21T00:19:15","slug":"kava","status":"publish","type":"page","link":"https:\/\/teadoroherbs.net\/fr\/kava\/","title":{"rendered":"Kava"},"content":{"rendered":"<div data-elementor-type=\"wp-page\" data-elementor-id=\"2558\" class=\"elementor elementor-2558\">\n\t\t\t\t\t\t<section class=\"elementor-section elementor-top-section elementor-element elementor-element-yvdtb0y elementor-section-height-min-height elementor-section-boxed elementor-section-height-default elementor-section-items-middle\" data-id=\"yvdtb0y\" data-element_type=\"section\" data-e-type=\"section\" data-settings=\"{&quot;background_background&quot;:&quot;classic&quot;}\">\n\t\t\t\t\t\t\t<div class=\"elementor-background-overlay\"><\/div>\n\t\t\t\t\t\t\t<div class=\"elementor-container elementor-column-gap-no\">\n\t\t\t\t\t<div class=\"elementor-column elementor-col-100 elementor-top-column elementor-element elementor-element-a5d7d75\" data-id=\"a5d7d75\" data-element_type=\"column\" data-e-type=\"column\">\n\t\t\t<div class=\"elementor-widget-wrap elementor-element-populated\">\n\t\t\t\t\t\t<div class=\"elementor-element elementor-element-4a6add8 elementor-widget elementor-widget-heading\" data-id=\"4a6add8\" data-element_type=\"widget\" data-e-type=\"widget\" data-widget_type=\"heading.default\">\n\t\t\t\t<div class=\"elementor-widget-container\">\n\t\t\t\t\t<h1 class=\"elementor-heading-title elementor-size-default\">Kava<\/h1>\t\t\t\t<\/div>\n\t\t\t\t<\/div>\n\t\t\t\t\t<\/div>\n\t\t<\/div>\n\t\t\t\t\t<\/div>\n\t\t<\/section>\n\t\t\t\t<section class=\"elementor-section elementor-top-section elementor-element elementor-element-a360147 elementor-section-boxed elementor-section-height-default elementor-section-height-default\" data-id=\"a360147\" data-element_type=\"section\" data-e-type=\"section\" data-settings=\"{&quot;background_background&quot;:&quot;classic&quot;}\">\n\t\t\t\t\t\t<div class=\"elementor-container elementor-column-gap-default\">\n\t\t\t\t\t<div class=\"elementor-column elementor-col-100 elementor-top-column elementor-element elementor-element-792cf39\" data-id=\"792cf39\" data-element_type=\"column\" data-e-type=\"column\">\n\t\t\t<div class=\"elementor-widget-wrap elementor-element-populated\">\n\t\t\t\t\t\t<div class=\"elementor-element elementor-element-13ac883 elementor-widget elementor-widget-heading\" data-id=\"13ac883\" data-element_type=\"widget\" data-e-type=\"widget\" data-widget_type=\"heading.default\">\n\t\t\t\t<div class=\"elementor-widget-container\">\n\t\t\t\t\t<h2 class=\"elementor-heading-title elementor-size-default\">\u00a1Bula!<\/h2>\t\t\t\t<\/div>\n\t\t\t\t<\/div>\n\t\t\t\t\t<\/div>\n\t\t<\/div>\n\t\t\t\t\t<\/div>\n\t\t<\/section>\n\t\t\t\t<section class=\"elementor-section elementor-top-section elementor-element elementor-element-97e9858 elementor-section-boxed elementor-section-height-default elementor-section-height-default\" data-id=\"97e9858\" data-element_type=\"section\" data-e-type=\"section\" data-settings=\"{&quot;background_background&quot;:&quot;classic&quot;}\">\n\t\t\t\t\t\t<div class=\"elementor-container elementor-column-gap-default\">\n\t\t\t\t\t<div class=\"elementor-column elementor-col-50 elementor-top-column elementor-element elementor-element-4f7073d\" data-id=\"4f7073d\" data-element_type=\"column\" data-e-type=\"column\" data-settings=\"{&quot;background_background&quot;:&quot;classic&quot;}\">\n\t\t\t<div class=\"elementor-widget-wrap elementor-element-populated\">\n\t\t\t\t\t\t<div class=\"elementor-element elementor-element-9b3d8e4 elementor-widget elementor-widget-image\" data-id=\"9b3d8e4\" data-element_type=\"widget\" data-e-type=\"widget\" data-widget_type=\"image.default\">\n\t\t\t\t<div class=\"elementor-widget-container\">\n\t\t\t\t\t\t\t\t\t\t\t\t\t\t\t<img fetchpriority=\"high\" decoding=\"async\" width=\"300\" height=\"300\" src=\"https:\/\/teadoroherbs.net\/wp-content\/uploads\/2022\/10\/count-down-300x300.jpeg\" class=\"attachment-medium size-medium wp-image-2345\" alt=\"\" srcset=\"https:\/\/teadoroherbs.net\/wp-content\/uploads\/2022\/10\/count-down-300x300.jpeg 300w, https:\/\/teadoroherbs.net\/wp-content\/uploads\/2022\/10\/count-down-1024x1024.jpeg 1024w, https:\/\/teadoroherbs.net\/wp-content\/uploads\/2022\/10\/count-down-150x150.jpeg 150w, https:\/\/teadoroherbs.net\/wp-content\/uploads\/2022\/10\/count-down-768x768.jpeg 768w, https:\/\/teadoroherbs.net\/wp-content\/uploads\/2022\/10\/count-down-12x12.jpeg 12w, https:\/\/teadoroherbs.net\/wp-content\/uploads\/2022\/10\/count-down.jpeg 1384w\" sizes=\"(max-width: 300px) 100vw, 300px\" \/>\t\t\t\t\t\t\t\t\t\t\t\t\t\t\t<\/div>\n\t\t\t\t<\/div>\n\t\t\t\t<div class=\"elementor-element elementor-element-e1dfd7e elementor-widget elementor-widget-image\" data-id=\"e1dfd7e\" data-element_type=\"widget\" data-e-type=\"widget\" data-widget_type=\"image.default\">\n\t\t\t\t<div class=\"elementor-widget-container\">\n\t\t\t\t\t\t\t\t\t\t\t\t\t\t\t<img decoding=\"async\" width=\"225\" height=\"300\" src=\"https:\/\/teadoroherbs.net\/wp-content\/uploads\/2023\/02\/fb0995d1-14d4-4f75-aab7-255a5e2b6803-225x300.jpg\" class=\"attachment-medium size-medium wp-image-2703\" alt=\"\" srcset=\"https:\/\/teadoroherbs.net\/wp-content\/uploads\/2023\/02\/fb0995d1-14d4-4f75-aab7-255a5e2b6803-225x300.jpg 225w, https:\/\/teadoroherbs.net\/wp-content\/uploads\/2023\/02\/fb0995d1-14d4-4f75-aab7-255a5e2b6803-768x1024.jpg 768w, https:\/\/teadoroherbs.net\/wp-content\/uploads\/2023\/02\/fb0995d1-14d4-4f75-aab7-255a5e2b6803-1152x1536.jpg 1152w, https:\/\/teadoroherbs.net\/wp-content\/uploads\/2023\/02\/fb0995d1-14d4-4f75-aab7-255a5e2b6803-9x12.jpg 9w, https:\/\/teadoroherbs.net\/wp-content\/uploads\/2023\/02\/fb0995d1-14d4-4f75-aab7-255a5e2b6803.jpg 1200w\" sizes=\"(max-width: 225px) 100vw, 225px\" \/>\t\t\t\t\t\t\t\t\t\t\t\t\t\t\t<\/div>\n\t\t\t\t<\/div>\n\t\t\t\t<div class=\"elementor-element elementor-element-26d870e elementor-widget elementor-widget-image\" data-id=\"26d870e\" data-element_type=\"widget\" data-e-type=\"widget\" data-widget_type=\"image.default\">\n\t\t\t\t<div class=\"elementor-widget-container\">\n\t\t\t\t\t\t\t\t\t\t\t\t\t\t\t<img decoding=\"async\" width=\"300\" height=\"201\" src=\"https:\/\/teadoroherbs.net\/wp-content\/uploads\/2023\/02\/the-facts-behind-claims-of-liver-toxicity-and-kava-use-300x201.png\" class=\"attachment-medium size-medium wp-image-2702\" alt=\"\" srcset=\"https:\/\/teadoroherbs.net\/wp-content\/uploads\/2023\/02\/the-facts-behind-claims-of-liver-toxicity-and-kava-use-300x201.png 300w, https:\/\/teadoroherbs.net\/wp-content\/uploads\/2023\/02\/the-facts-behind-claims-of-liver-toxicity-and-kava-use-1024x685.png 1024w, https:\/\/teadoroherbs.net\/wp-content\/uploads\/2023\/02\/the-facts-behind-claims-of-liver-toxicity-and-kava-use-768x514.png 768w, https:\/\/teadoroherbs.net\/wp-content\/uploads\/2023\/02\/the-facts-behind-claims-of-liver-toxicity-and-kava-use-18x12.png 18w, https:\/\/teadoroherbs.net\/wp-content\/uploads\/2023\/02\/the-facts-behind-claims-of-liver-toxicity-and-kava-use.png 1166w\" sizes=\"(max-width: 300px) 100vw, 300px\" \/>\t\t\t\t\t\t\t\t\t\t\t\t\t\t\t<\/div>\n\t\t\t\t<\/div>\n\t\t\t\t\t<\/div>\n\t\t<\/div>\n\t\t\t\t<div class=\"elementor-column elementor-col-50 elementor-top-column elementor-element elementor-element-378bb43\" data-id=\"378bb43\" data-element_type=\"column\" data-e-type=\"column\" data-settings=\"{&quot;background_background&quot;:&quot;classic&quot;}\">\n\t\t\t<div class=\"elementor-widget-wrap elementor-element-populated\">\n\t\t\t\t\t\t<div class=\"elementor-element elementor-element-139f4e7 elementor-widget elementor-widget-text-editor\" data-id=\"139f4e7\" data-element_type=\"widget\" data-e-type=\"widget\" data-widget_type=\"text-editor.default\">\n\t\t\t\t<div class=\"elementor-widget-container\">\n\t\t\t\t\t\t\t\t\t<p>Le kava, dont le nom scientifique est Piper Methysticum, est une boisson \u00e0 base de plantes originaire des \u00eeles du Pacifique Sud. <a href=\"https:\/\/www.ancient-origins.net\/ancient-places-asia\/ancient-origins-ceremonial-kava-drink-pacific-001848\">Utilis\u00e9 comme boisson c\u00e9r\u00e9moniale<\/a>&nbsp;Utilis\u00e9 par la population autochtone depuis plus de 2 500 ans, le kava \u00e9tait r\u00e9put\u00e9 pour sa capacit\u00e9 \u00e0 induire une relaxation profonde et un sentiment de bien-\u00eatre, tout en favorisant les interactions sociales.&nbsp;<\/p>\n<p>Et par relaxation, nous ne voulons pas dire comme une tasse de th\u00e9 \u00e0 la camomille. Le Kava a une \u00e9trange capacit\u00e9 \u00e0 soulager <a href=\"https:\/\/www.ncbi.nlm.nih.gov\/pmc\/articles\/PMC4630875\/\">m\u00eame l'anxi\u00e9t\u00e9 la plus persistante<\/a>. De nombreuses personnes qui consomment du Kava ressentent une vague presque imm\u00e9diate de tranquillit\u00e9 qui envahit leur corps, lib\u00e8re l'esprit et d\u00e9tend physiquement les muscles.&nbsp;<\/p>\n<p>Le Kava contient beaucoup de mol\u00e9cules complexes qui, en conjonction, travaillent pour r\u00e9duire la surpens\u00e9e\/l'inqui\u00e9tude et restaurer un esprit calme vous permettant de vous concentrer seulement sur les pens\u00e9es que vous souhaitez penser. Lorsque le poids de l'anxi\u00e9t\u00e9 est retir\u00e9 de l'esprit, vous pouvez vous sentir libre de vous exprimer plus ouvertement et donc b\u00e9n\u00e9ficier d'interactions sociales plus riches.<\/p>\n<p>Cette plante miracle agit \u00e9galement comme un <a href=\"https:\/\/www.ncbi.nlm.nih.gov\/pmc\/articles\/PMC7600512\/\">analg\u00e9sique naturel soulageant la douleur<\/a> et la tension du corps. Si vous \u00eates souvent distrait de la paix de l'esprit par la douleur physique, les muscles tendus, ou trop de pens\u00e9es ind\u00e9sirables, le Kava peut \u00eatre un moyen naturel pour vous d'am\u00e9liorer votre vie !<\/p>\n<p>Il a \u00e9t\u00e9 d\u00e9montr\u00e9 que le Kava est tr\u00e8s efficace pour <a href=\"https:\/\/www.verywellhealth.com\/kava-for-insomnia-relief-89337\">induire un sommeil profond<\/a> chez de nombreuses personnes souffrant d'insomnie. Il ne vous fatiguera pas pendant la journ\u00e9e alors que vous ne dormirez pas normalement, mais une fois que vous aurez pos\u00e9 votre t\u00eate, attendez-vous \u00e0 un sommeil encore plus profond que celui auquel vous \u00eates habitu\u00e9.<\/p>\n<p>Contrairement \u00e0 tous les autres m\u00e9dicaments v\u00e9g\u00e9taux, plus vous utilisez le Kava souvent, plus ses effets b\u00e9n\u00e9fiques deviennent forts. Cela signifie que la premi\u00e8re fois que vous l'essayez, les effets ne seront pas aussi forts qu'ils le seront la deuxi\u00e8me fois. Si vous voulez exp\u00e9rimenter ce que le Kava a \u00e0 vous offrir la premi\u00e8re fois que vous l'essayez, nous recommandons de boire 8-12oz. Pour cette raison, nous offrons une r\u00e9duction pour ceux qui essayent le Kava pour la premi\u00e8re fois !&nbsp;<\/p>\n<p>Aux Fidji, d'o\u00f9 la plante est originaire, la population locale dit BULA ! avant de prendre une gorg\u00e9e de ce rem\u00e8de ancien. Nous vous invitons \u00e0 participer \u00e0 cette coutume ! BULA !<\/p>\n<p><strong>Si vous avez consomm\u00e9 de l'alcool au cours des 6 derni\u00e8res heures, ou si vous pr\u00e9voyez d'en consommer dans les 6 prochaines heures, renoncez \u00e0 l'utilisation du Kava et attendez un autre jour pour l'essayer : les deux ne doivent pas \u00eatre combin\u00e9s ! Si vous prenez des m\u00e9dicaments pharmaceutiques, consultez votre m\u00e9decin avant de les combiner avec le Kava. Nous serons heureux de vous donner une carte de r\u00e9duction de 50 % pour profiter des avantages du Kava \u00e0 une date ult\u00e9rieure si vous nous faites savoir que vous \u00eates int\u00e9ress\u00e9 mais que vous avez r\u00e9cemment consomm\u00e9 de l'alcool !<\/strong><\/p>\t\t\t\t\t\t\t\t<\/div>\n\t\t\t\t<\/div>\n\t\t\t\t\t<\/div>\n\t\t<\/div>\n\t\t\t\t\t<\/div>\n\t\t<\/section>\n\t\t\t\t<section class=\"elementor-section elementor-top-section elementor-element elementor-element-b3afe04 elementor-section-boxed elementor-section-height-default elementor-section-height-default\" data-id=\"b3afe04\" data-element_type=\"section\" data-e-type=\"section\" data-settings=\"{&quot;background_background&quot;:&quot;classic&quot;}\">\n\t\t\t\t\t\t<div class=\"elementor-container elementor-column-gap-default\">\n\t\t\t\t\t<div class=\"elementor-column elementor-col-100 elementor-top-column elementor-element elementor-element-a87d857\" data-id=\"a87d857\" data-element_type=\"column\" data-e-type=\"column\">\n\t\t\t<div class=\"elementor-widget-wrap elementor-element-populated\">\n\t\t\t\t\t\t<div class=\"elementor-element elementor-element-ab6efde elementor-widget elementor-widget-heading\" data-id=\"ab6efde\" data-element_type=\"widget\" data-e-type=\"widget\" data-widget_type=\"heading.default\">\n\t\t\t\t<div class=\"elementor-widget-container\">\n\t\t\t\t\t<h2 class=\"elementor-heading-title elementor-size-default\">\u00a1Bula!<\/h2>\t\t\t\t<\/div>\n\t\t\t\t<\/div>\n\t\t\t\t\t<\/div>\n\t\t<\/div>\n\t\t\t\t\t<\/div>\n\t\t<\/section>\n\t\t\t\t<\/div>","protected":false},"excerpt":{"rendered":"<p>Kava \u00a1Bula! Kava, scientifically named Piper Methysticum, is a plant-based beverage native to the South Pacific islands. Used as a ceremonial beverage&nbsp;by the native population for over 2,500 years, Kava was renowned for its abilities to induce profound relaxation and sense of wellbeing while also enhancing social interaction.&nbsp; And by relaxation, we don&#8217;t mean like &hellip;<\/p>\n<p class=\"read-more\"> <a class=\"\" href=\"https:\/\/teadoroherbs.net\/fr\/kava\/\"> <span class=\"screen-reader-text\">Kava<\/span> Lire la suite\u00a0\u00bb<\/a><\/p>","protected":false},"author":1,"featured_media":0,"parent":0,"menu_order":0,"comment_status":"closed","ping_status":"closed","template":"","meta":{"site-sidebar-layout":"no-sidebar","site-content-layout":"page-builder","ast-global-header-display":"","ast-main-header-display":"","ast-hfb-above-header-display":"","ast-hfb-below-header-display":"","ast-hfb-mobile-header-display":"","site-post-title":"disabled","ast-breadcrumbs-content":"","ast-featured-img":"disabled","footer-sml-layout":"","theme-transparent-header-meta":"","adv-header-id-meta":"","stick-header-meta":"","header-above-stick-meta":"","header-main-stick-meta":"","header-below-stick-meta":"","footnotes":""},"class_list":["post-2558","page","type-page","status-publish","hentry"],"jetpack_sharing_enabled":true,"_links":{"self":[{"href":"https:\/\/teadoroherbs.net\/fr\/wp-json\/wp\/v2\/pages\/2558","targetHints":{"allow":["GET"]}}],"collection":[{"href":"https:\/\/teadoroherbs.net\/fr\/wp-json\/wp\/v2\/pages"}],"about":[{"href":"https:\/\/teadoroherbs.net\/fr\/wp-json\/wp\/v2\/types\/page"}],"author":[{"embeddable":true,"href":"https:\/\/teadoroherbs.net\/fr\/wp-json\/wp\/v2\/users\/1"}],"replies":[{"embeddable":true,"href":"https:\/\/teadoroherbs.net\/fr\/wp-json\/wp\/v2\/comments?post=2558"}],"version-history":[{"count":25,"href":"https:\/\/teadoroherbs.net\/fr\/wp-json\/wp\/v2\/pages\/2558\/revisions"}],"predecessor-version":[{"id":2720,"href":"https:\/\/teadoroherbs.net\/fr\/wp-json\/wp\/v2\/pages\/2558\/revisions\/2720"}],"wp:attachment":[{"href":"https:\/\/teadoroherbs.net\/fr\/wp-json\/wp\/v2\/media?parent=2558"}],"curies":[{"name":"wp","href":"https:\/\/api.w.org\/{rel}","templated":true}]}}