{"id":2558,"date":"2022-10-20T17:39:46","date_gmt":"2022-10-20T17:39:46","guid":{"rendered":"https:\/\/teadoroherbs.net\/?page_id=2558"},"modified":"2023-02-21T00:19:15","modified_gmt":"2023-02-21T00:19:15","slug":"kava","status":"publish","type":"page","link":"https:\/\/teadoroherbs.net\/it\/kava\/","title":{"rendered":"Kava"},"content":{"rendered":"<div data-elementor-type=\"wp-page\" data-elementor-id=\"2558\" class=\"elementor elementor-2558\">\n\t\t\t\t\t\t<section class=\"elementor-section elementor-top-section elementor-element elementor-element-yvdtb0y elementor-section-height-min-height elementor-section-boxed elementor-section-height-default elementor-section-items-middle\" data-id=\"yvdtb0y\" data-element_type=\"section\" data-e-type=\"section\" data-settings=\"{&quot;background_background&quot;:&quot;classic&quot;}\">\n\t\t\t\t\t\t\t<div class=\"elementor-background-overlay\"><\/div>\n\t\t\t\t\t\t\t<div class=\"elementor-container elementor-column-gap-no\">\n\t\t\t\t\t<div class=\"elementor-column elementor-col-100 elementor-top-column elementor-element elementor-element-a5d7d75\" data-id=\"a5d7d75\" data-element_type=\"column\" data-e-type=\"column\">\n\t\t\t<div class=\"elementor-widget-wrap elementor-element-populated\">\n\t\t\t\t\t\t<div class=\"elementor-element elementor-element-4a6add8 elementor-widget elementor-widget-heading\" data-id=\"4a6add8\" data-element_type=\"widget\" data-e-type=\"widget\" data-widget_type=\"heading.default\">\n\t\t\t\t<div class=\"elementor-widget-container\">\n\t\t\t\t\t<h1 class=\"elementor-heading-title elementor-size-default\">Kava<\/h1>\t\t\t\t<\/div>\n\t\t\t\t<\/div>\n\t\t\t\t\t<\/div>\n\t\t<\/div>\n\t\t\t\t\t<\/div>\n\t\t<\/section>\n\t\t\t\t<section class=\"elementor-section elementor-top-section elementor-element elementor-element-a360147 elementor-section-boxed elementor-section-height-default elementor-section-height-default\" data-id=\"a360147\" data-element_type=\"section\" data-e-type=\"section\" data-settings=\"{&quot;background_background&quot;:&quot;classic&quot;}\">\n\t\t\t\t\t\t<div class=\"elementor-container elementor-column-gap-default\">\n\t\t\t\t\t<div class=\"elementor-column elementor-col-100 elementor-top-column elementor-element elementor-element-792cf39\" data-id=\"792cf39\" data-element_type=\"column\" data-e-type=\"column\">\n\t\t\t<div class=\"elementor-widget-wrap elementor-element-populated\">\n\t\t\t\t\t\t<div class=\"elementor-element elementor-element-13ac883 elementor-widget elementor-widget-heading\" data-id=\"13ac883\" data-element_type=\"widget\" data-e-type=\"widget\" data-widget_type=\"heading.default\">\n\t\t\t\t<div class=\"elementor-widget-container\">\n\t\t\t\t\t<h2 class=\"elementor-heading-title elementor-size-default\">\u00a1Bula!<\/h2>\t\t\t\t<\/div>\n\t\t\t\t<\/div>\n\t\t\t\t\t<\/div>\n\t\t<\/div>\n\t\t\t\t\t<\/div>\n\t\t<\/section>\n\t\t\t\t<section class=\"elementor-section elementor-top-section elementor-element elementor-element-97e9858 elementor-section-boxed elementor-section-height-default elementor-section-height-default\" data-id=\"97e9858\" data-element_type=\"section\" data-e-type=\"section\" data-settings=\"{&quot;background_background&quot;:&quot;classic&quot;}\">\n\t\t\t\t\t\t<div class=\"elementor-container elementor-column-gap-default\">\n\t\t\t\t\t<div class=\"elementor-column elementor-col-50 elementor-top-column elementor-element elementor-element-4f7073d\" data-id=\"4f7073d\" data-element_type=\"column\" data-e-type=\"column\" data-settings=\"{&quot;background_background&quot;:&quot;classic&quot;}\">\n\t\t\t<div class=\"elementor-widget-wrap elementor-element-populated\">\n\t\t\t\t\t\t<div class=\"elementor-element elementor-element-9b3d8e4 elementor-widget elementor-widget-image\" data-id=\"9b3d8e4\" data-element_type=\"widget\" data-e-type=\"widget\" data-widget_type=\"image.default\">\n\t\t\t\t<div class=\"elementor-widget-container\">\n\t\t\t\t\t\t\t\t\t\t\t\t\t\t\t<img fetchpriority=\"high\" decoding=\"async\" width=\"300\" height=\"300\" src=\"https:\/\/teadoroherbs.net\/wp-content\/uploads\/2022\/10\/count-down-300x300.jpeg\" class=\"attachment-medium size-medium wp-image-2345\" alt=\"\" srcset=\"https:\/\/teadoroherbs.net\/wp-content\/uploads\/2022\/10\/count-down-300x300.jpeg 300w, https:\/\/teadoroherbs.net\/wp-content\/uploads\/2022\/10\/count-down-1024x1024.jpeg 1024w, https:\/\/teadoroherbs.net\/wp-content\/uploads\/2022\/10\/count-down-150x150.jpeg 150w, https:\/\/teadoroherbs.net\/wp-content\/uploads\/2022\/10\/count-down-768x768.jpeg 768w, https:\/\/teadoroherbs.net\/wp-content\/uploads\/2022\/10\/count-down-12x12.jpeg 12w, https:\/\/teadoroherbs.net\/wp-content\/uploads\/2022\/10\/count-down.jpeg 1384w\" sizes=\"(max-width: 300px) 100vw, 300px\" \/>\t\t\t\t\t\t\t\t\t\t\t\t\t\t\t<\/div>\n\t\t\t\t<\/div>\n\t\t\t\t<div class=\"elementor-element elementor-element-e1dfd7e elementor-widget elementor-widget-image\" data-id=\"e1dfd7e\" data-element_type=\"widget\" data-e-type=\"widget\" data-widget_type=\"image.default\">\n\t\t\t\t<div class=\"elementor-widget-container\">\n\t\t\t\t\t\t\t\t\t\t\t\t\t\t\t<img decoding=\"async\" width=\"225\" height=\"300\" src=\"https:\/\/teadoroherbs.net\/wp-content\/uploads\/2023\/02\/fb0995d1-14d4-4f75-aab7-255a5e2b6803-225x300.jpg\" class=\"attachment-medium size-medium wp-image-2703\" alt=\"\" srcset=\"https:\/\/teadoroherbs.net\/wp-content\/uploads\/2023\/02\/fb0995d1-14d4-4f75-aab7-255a5e2b6803-225x300.jpg 225w, https:\/\/teadoroherbs.net\/wp-content\/uploads\/2023\/02\/fb0995d1-14d4-4f75-aab7-255a5e2b6803-768x1024.jpg 768w, https:\/\/teadoroherbs.net\/wp-content\/uploads\/2023\/02\/fb0995d1-14d4-4f75-aab7-255a5e2b6803-1152x1536.jpg 1152w, https:\/\/teadoroherbs.net\/wp-content\/uploads\/2023\/02\/fb0995d1-14d4-4f75-aab7-255a5e2b6803-9x12.jpg 9w, https:\/\/teadoroherbs.net\/wp-content\/uploads\/2023\/02\/fb0995d1-14d4-4f75-aab7-255a5e2b6803.jpg 1200w\" sizes=\"(max-width: 225px) 100vw, 225px\" \/>\t\t\t\t\t\t\t\t\t\t\t\t\t\t\t<\/div>\n\t\t\t\t<\/div>\n\t\t\t\t<div class=\"elementor-element elementor-element-26d870e elementor-widget elementor-widget-image\" data-id=\"26d870e\" data-element_type=\"widget\" data-e-type=\"widget\" data-widget_type=\"image.default\">\n\t\t\t\t<div class=\"elementor-widget-container\">\n\t\t\t\t\t\t\t\t\t\t\t\t\t\t\t<img decoding=\"async\" width=\"300\" height=\"201\" src=\"https:\/\/teadoroherbs.net\/wp-content\/uploads\/2023\/02\/the-facts-behind-claims-of-liver-toxicity-and-kava-use-300x201.png\" class=\"attachment-medium size-medium wp-image-2702\" alt=\"\" srcset=\"https:\/\/teadoroherbs.net\/wp-content\/uploads\/2023\/02\/the-facts-behind-claims-of-liver-toxicity-and-kava-use-300x201.png 300w, https:\/\/teadoroherbs.net\/wp-content\/uploads\/2023\/02\/the-facts-behind-claims-of-liver-toxicity-and-kava-use-1024x685.png 1024w, https:\/\/teadoroherbs.net\/wp-content\/uploads\/2023\/02\/the-facts-behind-claims-of-liver-toxicity-and-kava-use-768x514.png 768w, https:\/\/teadoroherbs.net\/wp-content\/uploads\/2023\/02\/the-facts-behind-claims-of-liver-toxicity-and-kava-use-18x12.png 18w, https:\/\/teadoroherbs.net\/wp-content\/uploads\/2023\/02\/the-facts-behind-claims-of-liver-toxicity-and-kava-use.png 1166w\" sizes=\"(max-width: 300px) 100vw, 300px\" \/>\t\t\t\t\t\t\t\t\t\t\t\t\t\t\t<\/div>\n\t\t\t\t<\/div>\n\t\t\t\t\t<\/div>\n\t\t<\/div>\n\t\t\t\t<div class=\"elementor-column elementor-col-50 elementor-top-column elementor-element elementor-element-378bb43\" data-id=\"378bb43\" data-element_type=\"column\" data-e-type=\"column\" data-settings=\"{&quot;background_background&quot;:&quot;classic&quot;}\">\n\t\t\t<div class=\"elementor-widget-wrap elementor-element-populated\">\n\t\t\t\t\t\t<div class=\"elementor-element elementor-element-139f4e7 elementor-widget elementor-widget-text-editor\" data-id=\"139f4e7\" data-element_type=\"widget\" data-e-type=\"widget\" data-widget_type=\"text-editor.default\">\n\t\t\t\t<div class=\"elementor-widget-container\">\n\t\t\t\t\t\t\t\t\t<p>La kava, scientificamente chiamata Piper Methysticum, \u00e8 una bevanda a base di piante originaria delle isole del Pacifico meridionale. <a href=\"https:\/\/www.ancient-origins.net\/ancient-places-asia\/ancient-origins-ceremonial-kava-drink-pacific-001848\">Usato come bevanda cerimoniale<\/a>&nbsp;la Kava, utilizzata dalle popolazioni native per oltre 2.500 anni, era rinomata per la sua capacit\u00e0 di indurre un profondo rilassamento e senso di benessere, migliorando al contempo l'interazione sociale.&nbsp;<\/p>\n<p>E per rilassamento non intendiamo quello di una tazza di camomilla: la kava ha la straordinaria capacit\u00e0 di alleviare il dolore e la sofferenza-- <a href=\"https:\/\/www.ncbi.nlm.nih.gov\/pmc\/articles\/PMC4630875\/\">anche l'ansia pi\u00f9 persistente<\/a>. Molte persone che consumano la Kava sentono un'ondata quasi immediata di tranquillit\u00e0 che investe il loro corpo, liberando la mente e rilassando fisicamente i muscoli.&nbsp;<\/p>\n<p>La kava contiene molte molecole complesse che, insieme, agiscono per ridurre i pensieri eccessivi e le preoccupazioni e ripristinare una mente tranquilla, permettendo di concentrarsi solo sui pensieri che si desidera pensare. Quando il peso dell'ansia viene rimosso dalla mente, ci si pu\u00f2 sentire liberi di esprimersi pi\u00f9 apertamente e quindi di beneficiare di interazioni sociali pi\u00f9 ricche.<\/p>\n<p>Questa pianta miracolosa agisce anche come <a href=\"https:\/\/www.ncbi.nlm.nih.gov\/pmc\/articles\/PMC7600512\/\">analgesico naturale che allevia il dolore<\/a> e tensione dal corpo. Se siete spesso distratti dalla pace mentale a causa di dolori fisici, muscoli tesi o troppi pensieri indesiderati, la Kava pu\u00f2 essere un modo naturale per migliorare la vostra vita!<\/p>\n<p>\u00c8 stato dimostrato che la kava \u00e8 altamente efficace per <a href=\"https:\/\/www.verywellhealth.com\/kava-for-insomnia-relief-89337\">indurre un sonno profondo<\/a> in molti che soffrono di insonnia. Non vi far\u00e0 stancare durante il giorno, quando normalmente non dormireste, ma una volta che avrete posato la testa, aspettatevi un sonno ancora pi\u00f9 profondo di quello a cui siete abituati.<\/p>\n<p>A differenza di tutte le altre medicine vegetali, pi\u00f9 spesso si usa la Kava, pi\u00f9 forti diventano i suoi effetti benefici. Ci\u00f2 significa che la prima volta che la si prova, gli effetti non saranno cos\u00ec forti come la seconda volta. Se volete sperimentare ci\u00f2 che la Kava ha da offrirvi la prima volta che la provate, vi consigliamo di berne 8-12 once. Per questo motivo, offriamo uno sconto a chi prova la Kava per la prima volta!&nbsp;<\/p>\n<p>Nelle Fiji, dove la pianta \u00e8 originaria, la popolazione locale dice BULA! prima di bere un sorso di questo antico rimedio. Vi invitiamo a partecipare a questa usanza! BULA!<\/p>\n<p><strong>Se avete consumato alcolici nelle ultime 6 ore o prevedete di farlo nelle 6 ore successive, rinunciate all'uso della Kava e aspettate un altro giorno per provarla: le due cose non devono essere combinate! Se state assumendo farmaci, consultate il vostro medico prima di combinarli con la Kava. Saremo lieti di fornirvi una carta sconto del 50% per godere dei benefici di Kava in un secondo momento, se ci comunicate il vostro interesse ma avete consumato alcolici di recente!<\/strong><\/p>\t\t\t\t\t\t\t\t<\/div>\n\t\t\t\t<\/div>\n\t\t\t\t\t<\/div>\n\t\t<\/div>\n\t\t\t\t\t<\/div>\n\t\t<\/section>\n\t\t\t\t<section class=\"elementor-section elementor-top-section elementor-element elementor-element-b3afe04 elementor-section-boxed elementor-section-height-default elementor-section-height-default\" data-id=\"b3afe04\" data-element_type=\"section\" data-e-type=\"section\" data-settings=\"{&quot;background_background&quot;:&quot;classic&quot;}\">\n\t\t\t\t\t\t<div class=\"elementor-container elementor-column-gap-default\">\n\t\t\t\t\t<div class=\"elementor-column elementor-col-100 elementor-top-column elementor-element elementor-element-a87d857\" data-id=\"a87d857\" data-element_type=\"column\" data-e-type=\"column\">\n\t\t\t<div class=\"elementor-widget-wrap elementor-element-populated\">\n\t\t\t\t\t\t<div class=\"elementor-element elementor-element-ab6efde elementor-widget elementor-widget-heading\" data-id=\"ab6efde\" data-element_type=\"widget\" data-e-type=\"widget\" data-widget_type=\"heading.default\">\n\t\t\t\t<div class=\"elementor-widget-container\">\n\t\t\t\t\t<h2 class=\"elementor-heading-title elementor-size-default\">\u00a1Bula!<\/h2>\t\t\t\t<\/div>\n\t\t\t\t<\/div>\n\t\t\t\t\t<\/div>\n\t\t<\/div>\n\t\t\t\t\t<\/div>\n\t\t<\/section>\n\t\t\t\t<\/div>","protected":false},"excerpt":{"rendered":"<p>Kava \u00a1Bula! Kava, scientifically named Piper Methysticum, is a plant-based beverage native to the South Pacific islands. Used as a ceremonial beverage&nbsp;by the native population for over 2,500 years, Kava was renowned for its abilities to induce profound relaxation and sense of wellbeing while also enhancing social interaction.&nbsp; And by relaxation, we don&#8217;t mean like &hellip;<\/p>\n<p class=\"read-more\"> <a class=\"\" href=\"https:\/\/teadoroherbs.net\/it\/kava\/\"> <span class=\"screen-reader-text\">Kava<\/span> Leggi altro &raquo;<\/a><\/p>","protected":false},"author":1,"featured_media":0,"parent":0,"menu_order":0,"comment_status":"closed","ping_status":"closed","template":"","meta":{"site-sidebar-layout":"no-sidebar","site-content-layout":"page-builder","ast-global-header-display":"","ast-main-header-display":"","ast-hfb-above-header-display":"","ast-hfb-below-header-display":"","ast-hfb-mobile-header-display":"","site-post-title":"disabled","ast-breadcrumbs-content":"","ast-featured-img":"disabled","footer-sml-layout":"","theme-transparent-header-meta":"","adv-header-id-meta":"","stick-header-meta":"","header-above-stick-meta":"","header-main-stick-meta":"","header-below-stick-meta":"","footnotes":""},"class_list":["post-2558","page","type-page","status-publish","hentry"],"jetpack_sharing_enabled":true,"_links":{"self":[{"href":"https:\/\/teadoroherbs.net\/it\/wp-json\/wp\/v2\/pages\/2558","targetHints":{"allow":["GET"]}}],"collection":[{"href":"https:\/\/teadoroherbs.net\/it\/wp-json\/wp\/v2\/pages"}],"about":[{"href":"https:\/\/teadoroherbs.net\/it\/wp-json\/wp\/v2\/types\/page"}],"author":[{"embeddable":true,"href":"https:\/\/teadoroherbs.net\/it\/wp-json\/wp\/v2\/users\/1"}],"replies":[{"embeddable":true,"href":"https:\/\/teadoroherbs.net\/it\/wp-json\/wp\/v2\/comments?post=2558"}],"version-history":[{"count":25,"href":"https:\/\/teadoroherbs.net\/it\/wp-json\/wp\/v2\/pages\/2558\/revisions"}],"predecessor-version":[{"id":2720,"href":"https:\/\/teadoroherbs.net\/it\/wp-json\/wp\/v2\/pages\/2558\/revisions\/2720"}],"wp:attachment":[{"href":"https:\/\/teadoroherbs.net\/it\/wp-json\/wp\/v2\/media?parent=2558"}],"curies":[{"name":"wp","href":"https:\/\/api.w.org\/{rel}","templated":true}]}}